{"id":12,"date":"2020-06-15T10:19:47","date_gmt":"2020-06-15T10:19:47","guid":{"rendered":"http:\/\/duemmerbrise.stuehrenberg.com\/?page_id=12"},"modified":"2021-06-03T15:44:36","modified_gmt":"2021-06-03T15:44:36","slug":"duemmerbrise-zum-einatmen-von-nordsee-feeling-und-natur","status":"publish","type":"page","link":"https:\/\/duemmerbrise.stuehrenberg.com\/","title":{"rendered":"Eine D\u00fcmmerbrise zum Einatmen von Nordsee-feeling und Natur"},"content":{"rendered":"\n<figure class=\"wp-block-gallery columns-3 is-cropped\"><ul class=\"blocks-gallery-grid\"><li class=\"blocks-gallery-item\"><figure><a href=\"http:\/\/duemmerbrise.stuehrenberg.com\/wp-content\/uploads\/2020\/06\/20200531_180705-scaled.jpg\"><img loading=\"lazy\" width=\"1920\" height=\"2560\" src=\"http:\/\/duemmerbrise.stuehrenberg.com\/wp-content\/uploads\/2020\/06\/20200531_180705-scaled.jpg\" alt=\"Heimaturlaub\" data-id=\"6\" data-full-url=\"http:\/\/duemmerbrise.stuehrenberg.com\/wp-content\/uploads\/2020\/06\/20200531_180705-scaled.jpg\" data-link=\"http:\/\/duemmerbrise.stuehrenberg.com\/?attachment_id=6\" class=\"wp-image-6\" srcset=\"https:\/\/duemmerbrise.stuehrenberg.com\/wp-content\/uploads\/2020\/06\/20200531_180705-scaled.jpg 1920w, https:\/\/duemmerbrise.stuehrenberg.com\/wp-content\/uploads\/2020\/06\/20200531_180705-225x300.jpg 225w, https:\/\/duemmerbrise.stuehrenberg.com\/wp-content\/uploads\/2020\/06\/20200531_180705-1152x1536.jpg 1152w, https:\/\/duemmerbrise.stuehrenberg.com\/wp-content\/uploads\/2020\/06\/20200531_180705-1536x2048.jpg 1536w\" sizes=\"(max-width: 1920px) 100vw, 1920px\" \/><\/a><figcaption class=\"blocks-gallery-item__caption\"><em><span class=\"has-inline-color has-vivid-cyan-blue-color\">&#8230; im eigenen Garten ungest\u00f6rt beim Fr\u00fchst\u00fcck den V\u00f6geln lauschen<\/span><\/em><\/figcaption><\/figure><\/li><li class=\"blocks-gallery-item\"><figure><a href=\"http:\/\/duemmerbrise.stuehrenberg.com\/wp-content\/uploads\/2020\/06\/20200531_212439-50proz.jpg\"><img loading=\"lazy\" width=\"1024\" height=\"768\" src=\"http:\/\/duemmerbrise.stuehrenberg.com\/wp-content\/uploads\/2020\/06\/20200531_212439-50proz-1024x768.jpg\" alt=\"\" data-id=\"59\" data-full-url=\"http:\/\/duemmerbrise.stuehrenberg.com\/wp-content\/uploads\/2020\/06\/20200531_212439-50proz.jpg\" data-link=\"http:\/\/duemmerbrise.stuehrenberg.com\/?attachment_id=59\" class=\"wp-image-59\" srcset=\"https:\/\/duemmerbrise.stuehrenberg.com\/wp-content\/uploads\/2020\/06\/20200531_212439-50proz-1024x768.jpg 1024w, https:\/\/duemmerbrise.stuehrenberg.com\/wp-content\/uploads\/2020\/06\/20200531_212439-50proz-300x225.jpg 300w, https:\/\/duemmerbrise.stuehrenberg.com\/wp-content\/uploads\/2020\/06\/20200531_212439-50proz-768x576.jpg 768w, https:\/\/duemmerbrise.stuehrenberg.com\/wp-content\/uploads\/2020\/06\/20200531_212439-50proz-1536x1152.jpg 1536w, https:\/\/duemmerbrise.stuehrenberg.com\/wp-content\/uploads\/2020\/06\/20200531_212439-50proz.jpg 2016w\" sizes=\"(max-width: 1024px) 100vw, 1024px\" \/><\/a><figcaption class=\"blocks-gallery-item__caption\"><em><span class=\"has-inline-color has-vivid-cyan-blue-color\">&#8230;wenn die Sonne die See am Abend k\u00fcsst<\/span><\/em><\/figcaption><\/figure><\/li><li class=\"blocks-gallery-item\"><figure><a href=\"http:\/\/duemmerbrise.stuehrenberg.com\/wp-content\/uploads\/2020\/06\/20200601_173430-50proz.jpg\"><img loading=\"lazy\" width=\"768\" height=\"1024\" src=\"http:\/\/duemmerbrise.stuehrenberg.com\/wp-content\/uploads\/2020\/06\/20200601_173430-50proz-768x1024.jpg\" alt=\"\" data-id=\"207\" data-full-url=\"http:\/\/duemmerbrise.stuehrenberg.com\/wp-content\/uploads\/2020\/06\/20200601_173430-50proz.jpg\" data-link=\"http:\/\/duemmerbrise.stuehrenberg.com\/?attachment_id=207\" class=\"wp-image-207\" srcset=\"https:\/\/duemmerbrise.stuehrenberg.com\/wp-content\/uploads\/2020\/06\/20200601_173430-50proz-768x1024.jpg 768w, https:\/\/duemmerbrise.stuehrenberg.com\/wp-content\/uploads\/2020\/06\/20200601_173430-50proz-225x300.jpg 225w, https:\/\/duemmerbrise.stuehrenberg.com\/wp-content\/uploads\/2020\/06\/20200601_173430-50proz-1152x1536.jpg 1152w, https:\/\/duemmerbrise.stuehrenberg.com\/wp-content\/uploads\/2020\/06\/20200601_173430-50proz.jpg 1512w\" sizes=\"(max-width: 768px) 100vw, 768px\" \/><\/a><figcaption class=\"blocks-gallery-item__caption\"><em><span class=\"has-inline-color has-vivid-cyan-blue-color\">&#8230; ob Fahrrad, Roller oder Hoverboard&#8230;&#8230;mit 2 R\u00e4dern auf gutem Weg<\/span><\/em><\/figcaption><\/figure><\/li><li class=\"blocks-gallery-item\"><figure><a href=\"http:\/\/duemmerbrise.stuehrenberg.com\/wp-content\/uploads\/2020\/06\/20200614_144342-50proz-2.jpg\"><img loading=\"lazy\" width=\"1024\" height=\"1024\" src=\"http:\/\/duemmerbrise.stuehrenberg.com\/wp-content\/uploads\/2020\/06\/20200614_144342-50proz-2-1024x1024.jpg\" alt=\"\" data-id=\"171\" data-full-url=\"http:\/\/duemmerbrise.stuehrenberg.com\/wp-content\/uploads\/2020\/06\/20200614_144342-50proz-2.jpg\" data-link=\"http:\/\/duemmerbrise.stuehrenberg.com\/?attachment_id=171\" class=\"wp-image-171\" srcset=\"https:\/\/duemmerbrise.stuehrenberg.com\/wp-content\/uploads\/2020\/06\/20200614_144342-50proz-2-1024x1024.jpg 1024w, https:\/\/duemmerbrise.stuehrenberg.com\/wp-content\/uploads\/2020\/06\/20200614_144342-50proz-2-300x300.jpg 300w, https:\/\/duemmerbrise.stuehrenberg.com\/wp-content\/uploads\/2020\/06\/20200614_144342-50proz-2-150x150.jpg 150w, https:\/\/duemmerbrise.stuehrenberg.com\/wp-content\/uploads\/2020\/06\/20200614_144342-50proz-2-768x768.jpg 768w, https:\/\/duemmerbrise.stuehrenberg.com\/wp-content\/uploads\/2020\/06\/20200614_144342-50proz-2.jpg 1080w\" sizes=\"(max-width: 1024px) 100vw, 1024px\" \/><\/a><figcaption class=\"blocks-gallery-item__caption\"><em><span class=\"has-inline-color has-vivid-cyan-blue-color\">&#8230;einfach am Strand liegen und sich den Apperetiv ans Handtuch holen<\/span><\/em><\/figcaption><\/figure><\/li><li class=\"blocks-gallery-item\"><figure><a href=\"http:\/\/duemmerbrise.stuehrenberg.com\/wp-content\/uploads\/2020\/06\/20200614_144349-50proz.jpg\"><img loading=\"lazy\" width=\"1024\" height=\"1024\" src=\"http:\/\/duemmerbrise.stuehrenberg.com\/wp-content\/uploads\/2020\/06\/20200614_144349-50proz-1024x1024.jpg\" alt=\"\" data-id=\"77\" data-full-url=\"http:\/\/duemmerbrise.stuehrenberg.com\/wp-content\/uploads\/2020\/06\/20200614_144349-50proz.jpg\" data-link=\"http:\/\/duemmerbrise.stuehrenberg.com\/?attachment_id=77\" class=\"wp-image-77\" srcset=\"https:\/\/duemmerbrise.stuehrenberg.com\/wp-content\/uploads\/2020\/06\/20200614_144349-50proz-1024x1024.jpg 1024w, https:\/\/duemmerbrise.stuehrenberg.com\/wp-content\/uploads\/2020\/06\/20200614_144349-50proz-300x300.jpg 300w, https:\/\/duemmerbrise.stuehrenberg.com\/wp-content\/uploads\/2020\/06\/20200614_144349-50proz-150x150.jpg 150w, https:\/\/duemmerbrise.stuehrenberg.com\/wp-content\/uploads\/2020\/06\/20200614_144349-50proz-768x768.jpg 768w, https:\/\/duemmerbrise.stuehrenberg.com\/wp-content\/uploads\/2020\/06\/20200614_144349-50proz.jpg 1080w\" sizes=\"(max-width: 1024px) 100vw, 1024px\" \/><\/a><figcaption class=\"blocks-gallery-item__caption\"><em><span class=\"has-inline-color has-vivid-cyan-blue-color\">&#8230;die Natur sch\u00fctzen <\/span><\/em><\/figcaption><\/figure><\/li><li class=\"blocks-gallery-item\"><figure><a href=\"http:\/\/duemmerbrise.stuehrenberg.com\/wp-content\/uploads\/2020\/06\/20200614_145636-50proz.jpg\"><img loading=\"lazy\" width=\"1024\" height=\"1024\" src=\"http:\/\/duemmerbrise.stuehrenberg.com\/wp-content\/uploads\/2020\/06\/20200614_145636-50proz-1024x1024.jpg\" alt=\"\" data-id=\"84\" data-full-url=\"http:\/\/duemmerbrise.stuehrenberg.com\/wp-content\/uploads\/2020\/06\/20200614_145636-50proz.jpg\" data-link=\"http:\/\/duemmerbrise.stuehrenberg.com\/?attachment_id=84\" class=\"wp-image-84\" srcset=\"https:\/\/duemmerbrise.stuehrenberg.com\/wp-content\/uploads\/2020\/06\/20200614_145636-50proz-1024x1024.jpg 1024w, https:\/\/duemmerbrise.stuehrenberg.com\/wp-content\/uploads\/2020\/06\/20200614_145636-50proz-300x300.jpg 300w, https:\/\/duemmerbrise.stuehrenberg.com\/wp-content\/uploads\/2020\/06\/20200614_145636-50proz-150x150.jpg 150w, https:\/\/duemmerbrise.stuehrenberg.com\/wp-content\/uploads\/2020\/06\/20200614_145636-50proz-768x768.jpg 768w, https:\/\/duemmerbrise.stuehrenberg.com\/wp-content\/uploads\/2020\/06\/20200614_145636-50proz.jpg 1080w\" sizes=\"(max-width: 1024px) 100vw, 1024px\" \/><\/a><figcaption class=\"blocks-gallery-item__caption\"><em><span class=\"has-inline-color has-vivid-cyan-blue-color\">&#8230;das Abflie\u00dfen ins Irgendwohin<\/span><\/em><\/figcaption><\/figure><\/li><li class=\"blocks-gallery-item\"><figure><a href=\"http:\/\/duemmerbrise.stuehrenberg.com\/wp-content\/uploads\/2020\/06\/20200614_145452-50proz-scaled.jpg\"><img loading=\"lazy\" width=\"1024\" height=\"337\" src=\"http:\/\/duemmerbrise.stuehrenberg.com\/wp-content\/uploads\/2020\/06\/20200614_145452-50proz-1024x337.jpg\" alt=\"\" data-id=\"81\" data-full-url=\"http:\/\/duemmerbrise.stuehrenberg.com\/wp-content\/uploads\/2020\/06\/20200614_145452-50proz-scaled.jpg\" data-link=\"http:\/\/duemmerbrise.stuehrenberg.com\/?attachment_id=81\" class=\"wp-image-81\" srcset=\"https:\/\/duemmerbrise.stuehrenberg.com\/wp-content\/uploads\/2020\/06\/20200614_145452-50proz-1024x337.jpg 1024w, https:\/\/duemmerbrise.stuehrenberg.com\/wp-content\/uploads\/2020\/06\/20200614_145452-50proz-300x99.jpg 300w, https:\/\/duemmerbrise.stuehrenberg.com\/wp-content\/uploads\/2020\/06\/20200614_145452-50proz-768x253.jpg 768w, https:\/\/duemmerbrise.stuehrenberg.com\/wp-content\/uploads\/2020\/06\/20200614_145452-50proz-1536x506.jpg 1536w, https:\/\/duemmerbrise.stuehrenberg.com\/wp-content\/uploads\/2020\/06\/20200614_145452-50proz-2048x674.jpg 2048w\" sizes=\"(max-width: 1024px) 100vw, 1024px\" \/><\/a><figcaption class=\"blocks-gallery-item__caption\"><span class=\"has-inline-color has-vivid-cyan-blue-color\"><em>&#8230;wo Enten ihre Heimat finden<\/em><\/span><\/figcaption><\/figure><\/li><li class=\"blocks-gallery-item\"><figure><a href=\"http:\/\/duemmerbrise.stuehrenberg.com\/wp-content\/uploads\/2020\/06\/20200614_150115-50proz-scaled.jpg\"><img loading=\"lazy\" width=\"1024\" height=\"369\" src=\"http:\/\/duemmerbrise.stuehrenberg.com\/wp-content\/uploads\/2020\/06\/20200614_150115-50proz-1024x369.jpg\" alt=\"\" data-id=\"87\" data-full-url=\"http:\/\/duemmerbrise.stuehrenberg.com\/wp-content\/uploads\/2020\/06\/20200614_150115-50proz-scaled.jpg\" data-link=\"http:\/\/duemmerbrise.stuehrenberg.com\/?attachment_id=87\" class=\"wp-image-87\" srcset=\"https:\/\/duemmerbrise.stuehrenberg.com\/wp-content\/uploads\/2020\/06\/20200614_150115-50proz-1024x369.jpg 1024w, https:\/\/duemmerbrise.stuehrenberg.com\/wp-content\/uploads\/2020\/06\/20200614_150115-50proz-300x108.jpg 300w, https:\/\/duemmerbrise.stuehrenberg.com\/wp-content\/uploads\/2020\/06\/20200614_150115-50proz-768x277.jpg 768w, https:\/\/duemmerbrise.stuehrenberg.com\/wp-content\/uploads\/2020\/06\/20200614_150115-50proz-1536x554.jpg 1536w, https:\/\/duemmerbrise.stuehrenberg.com\/wp-content\/uploads\/2020\/06\/20200614_150115-50proz-2048x739.jpg 2048w\" sizes=\"(max-width: 1024px) 100vw, 1024px\" \/><\/a><figcaption class=\"blocks-gallery-item__caption\"><span class=\"has-inline-color has-vivid-cyan-blue-color\"><em>&#8230;die Eindeichung sch\u00fctzt Hab und Gut<\/em><\/span><\/figcaption><\/figure><\/li><li class=\"blocks-gallery-item\"><figure><a href=\"http:\/\/duemmerbrise.stuehrenberg.com\/wp-content\/uploads\/2020\/06\/20200614_150103-50proz-scaled.jpg\"><img loading=\"lazy\" width=\"1024\" height=\"286\" src=\"http:\/\/duemmerbrise.stuehrenberg.com\/wp-content\/uploads\/2020\/06\/20200614_150103-50proz-1024x286.jpg\" alt=\"\" data-id=\"86\" data-full-url=\"http:\/\/duemmerbrise.stuehrenberg.com\/wp-content\/uploads\/2020\/06\/20200614_150103-50proz-scaled.jpg\" data-link=\"http:\/\/duemmerbrise.stuehrenberg.com\/?attachment_id=86\" class=\"wp-image-86\" srcset=\"https:\/\/duemmerbrise.stuehrenberg.com\/wp-content\/uploads\/2020\/06\/20200614_150103-50proz-1024x286.jpg 1024w, https:\/\/duemmerbrise.stuehrenberg.com\/wp-content\/uploads\/2020\/06\/20200614_150103-50proz-300x84.jpg 300w, https:\/\/duemmerbrise.stuehrenberg.com\/wp-content\/uploads\/2020\/06\/20200614_150103-50proz-768x215.jpg 768w, https:\/\/duemmerbrise.stuehrenberg.com\/wp-content\/uploads\/2020\/06\/20200614_150103-50proz-1536x430.jpg 1536w, https:\/\/duemmerbrise.stuehrenberg.com\/wp-content\/uploads\/2020\/06\/20200614_150103-50proz-2048x573.jpg 2048w\" sizes=\"(max-width: 1024px) 100vw, 1024px\" \/><\/a><figcaption class=\"blocks-gallery-item__caption\"><em><span class=\"has-inline-color has-vivid-cyan-blue-color\">&#8230;Tr\u00e4ume von H\u00e4uslebauern <\/span><\/em><\/figcaption><\/figure><\/li><li class=\"blocks-gallery-item\"><figure><a href=\"http:\/\/duemmerbrise.stuehrenberg.com\/wp-content\/uploads\/2020\/06\/20200614_145815-50proz.jpg\"><img loading=\"lazy\" width=\"1024\" height=\"1024\" src=\"http:\/\/duemmerbrise.stuehrenberg.com\/wp-content\/uploads\/2020\/06\/20200614_145815-50proz-1024x1024.jpg\" alt=\"\" data-id=\"85\" data-full-url=\"http:\/\/duemmerbrise.stuehrenberg.com\/wp-content\/uploads\/2020\/06\/20200614_145815-50proz.jpg\" data-link=\"http:\/\/duemmerbrise.stuehrenberg.com\/?attachment_id=85\" class=\"wp-image-85\" srcset=\"https:\/\/duemmerbrise.stuehrenberg.com\/wp-content\/uploads\/2020\/06\/20200614_145815-50proz-1024x1024.jpg 1024w, https:\/\/duemmerbrise.stuehrenberg.com\/wp-content\/uploads\/2020\/06\/20200614_145815-50proz-300x300.jpg 300w, https:\/\/duemmerbrise.stuehrenberg.com\/wp-content\/uploads\/2020\/06\/20200614_145815-50proz-150x150.jpg 150w, https:\/\/duemmerbrise.stuehrenberg.com\/wp-content\/uploads\/2020\/06\/20200614_145815-50proz-768x768.jpg 768w, https:\/\/duemmerbrise.stuehrenberg.com\/wp-content\/uploads\/2020\/06\/20200614_145815-50proz.jpg 1080w\" sizes=\"(max-width: 1024px) 100vw, 1024px\" \/><\/a><figcaption class=\"blocks-gallery-item__caption\"><em><span class=\"has-inline-color has-vivid-cyan-blue-color\">&#8230;jeder auf seine Weise<\/span><\/em><\/figcaption><\/figure><\/li><li class=\"blocks-gallery-item\"><figure><a href=\"http:\/\/duemmerbrise.stuehrenberg.com\/wp-content\/uploads\/2020\/06\/20200326_184408-scaled.jpg\"><img loading=\"lazy\" width=\"1024\" height=\"768\" src=\"http:\/\/duemmerbrise.stuehrenberg.com\/wp-content\/uploads\/2020\/06\/20200326_184408-1024x768.jpg\" alt=\"\" data-id=\"9\" data-full-url=\"http:\/\/duemmerbrise.stuehrenberg.com\/wp-content\/uploads\/2020\/06\/20200326_184408-scaled.jpg\" data-link=\"http:\/\/duemmerbrise.stuehrenberg.com\/?attachment_id=9\" class=\"wp-image-9\" srcset=\"https:\/\/duemmerbrise.stuehrenberg.com\/wp-content\/uploads\/2020\/06\/20200326_184408-1024x768.jpg 1024w, https:\/\/duemmerbrise.stuehrenberg.com\/wp-content\/uploads\/2020\/06\/20200326_184408-300x225.jpg 300w, https:\/\/duemmerbrise.stuehrenberg.com\/wp-content\/uploads\/2020\/06\/20200326_184408-768x576.jpg 768w, https:\/\/duemmerbrise.stuehrenberg.com\/wp-content\/uploads\/2020\/06\/20200326_184408-1536x1152.jpg 1536w\" sizes=\"(max-width: 1024px) 100vw, 1024px\" \/><\/a><figcaption class=\"blocks-gallery-item__caption\"><em><span class=\"has-inline-color has-vivid-cyan-blue-color\">&#8230;unantastbar und unerreichbar<\/span><\/em><\/figcaption><\/figure><\/li><\/ul><figcaption class=\"blocks-gallery-caption\">&#8222;<strong>In der D\u00fcmmerbrise <\/strong>kann ich meine Privatsp\u00e4re auch im Garten gesch\u00fctzt (ohne fremde Blicke oder \u00fcberraschende Durchm\u00e4rsche von Personengruppen des Marissa-Ferienparks) beim Grillen oder beim Sonnenbaden genie\u00dfen. Ich urlaube in einem Fachwerkhaus, dass im EInklang mit der Natur und der lokalen Geschichte steht und innen mit Handarbeitsmobiliar eine W\u00e4rme ausstrahlt, die Wohnlichkeit und dauerhafte Wertigkeit vermittelt&#8220;. <\/figcaption><\/figure>\n","protected":false},"excerpt":{"rendered":"","protected":false},"author":1,"featured_media":0,"parent":0,"menu_order":0,"comment_status":"closed","ping_status":"closed","template":"","meta":[],"_links":{"self":[{"href":"https:\/\/duemmerbrise.stuehrenberg.com\/index.php?rest_route=\/wp\/v2\/pages\/12"}],"collection":[{"href":"https:\/\/duemmerbrise.stuehrenberg.com\/index.php?rest_route=\/wp\/v2\/pages"}],"about":[{"href":"https:\/\/duemmerbrise.stuehrenberg.com\/index.php?rest_route=\/wp\/v2\/types\/page"}],"author":[{"embeddable":true,"href":"https:\/\/duemmerbrise.stuehrenberg.com\/index.php?rest_route=\/wp\/v2\/users\/1"}],"replies":[{"embeddable":true,"href":"https:\/\/duemmerbrise.stuehrenberg.com\/index.php?rest_route=%2Fwp%2Fv2%2Fcomments&post=12"}],"version-history":[{"count":8,"href":"https:\/\/duemmerbrise.stuehrenberg.com\/index.php?rest_route=\/wp\/v2\/pages\/12\/revisions"}],"predecessor-version":[{"id":338,"href":"https:\/\/duemmerbrise.stuehrenberg.com\/index.php?rest_route=\/wp\/v2\/pages\/12\/revisions\/338"}],"wp:attachment":[{"href":"https:\/\/duemmerbrise.stuehrenberg.com\/index.php?rest_route=%2Fwp%2Fv2%2Fmedia&parent=12"}],"curies":[{"name":"wp","href":"https:\/\/api.w.org\/{rel}","templated":true}]}}