{"id":122,"date":"2020-06-15T16:48:28","date_gmt":"2020-06-15T16:48:28","guid":{"rendered":"http:\/\/duemmerbrise.stuehrenberg.com\/?page_id=122"},"modified":"2020-06-16T07:02:06","modified_gmt":"2020-06-16T07:02:06","slug":"rund-um-den-duemmer-natur-erleben-das-heisst-schmecken-riechen-fuehlen-und-den-blick-weiten","status":"publish","type":"page","link":"https:\/\/duemmerbrise.stuehrenberg.com\/?page_id=122","title":{"rendered":"Rund um den D\u00fcmmer Natur erleben: das hei\u00dft schmecken, riechen, f\u00fchlen und den Blick weiten"},"content":{"rendered":"\n<figure class=\"wp-block-gallery columns-3 is-cropped\"><ul class=\"blocks-gallery-grid\"><li class=\"blocks-gallery-item\"><figure><img loading=\"lazy\" width=\"1024\" height=\"1024\" src=\"http:\/\/duemmerbrise.stuehrenberg.com\/wp-content\/uploads\/2020\/06\/20200614_145636-50proz-1-1024x1024.jpg\" alt=\"\" data-id=\"179\" data-full-url=\"http:\/\/duemmerbrise.stuehrenberg.com\/wp-content\/uploads\/2020\/06\/20200614_145636-50proz-1.jpg\" data-link=\"http:\/\/duemmerbrise.stuehrenberg.com\/?attachment_id=179\" class=\"wp-image-179\" srcset=\"https:\/\/duemmerbrise.stuehrenberg.com\/wp-content\/uploads\/2020\/06\/20200614_145636-50proz-1-1024x1024.jpg 1024w, https:\/\/duemmerbrise.stuehrenberg.com\/wp-content\/uploads\/2020\/06\/20200614_145636-50proz-1-300x300.jpg 300w, https:\/\/duemmerbrise.stuehrenberg.com\/wp-content\/uploads\/2020\/06\/20200614_145636-50proz-1-150x150.jpg 150w, https:\/\/duemmerbrise.stuehrenberg.com\/wp-content\/uploads\/2020\/06\/20200614_145636-50proz-1-768x768.jpg 768w, https:\/\/duemmerbrise.stuehrenberg.com\/wp-content\/uploads\/2020\/06\/20200614_145636-50proz-1.jpg 1080w\" sizes=\"(max-width: 1024px) 100vw, 1024px\" \/><\/figure><\/li><li class=\"blocks-gallery-item\"><figure><img loading=\"lazy\" width=\"1024\" height=\"768\" src=\"http:\/\/duemmerbrise.stuehrenberg.com\/wp-content\/uploads\/2020\/06\/20200305_120215-50proz-1024x768.jpg\" alt=\"\" data-id=\"150\" data-full-url=\"http:\/\/duemmerbrise.stuehrenberg.com\/wp-content\/uploads\/2020\/06\/20200305_120215-50proz.jpg\" data-link=\"http:\/\/duemmerbrise.stuehrenberg.com\/?attachment_id=150\" class=\"wp-image-150\" srcset=\"https:\/\/duemmerbrise.stuehrenberg.com\/wp-content\/uploads\/2020\/06\/20200305_120215-50proz-1024x768.jpg 1024w, https:\/\/duemmerbrise.stuehrenberg.com\/wp-content\/uploads\/2020\/06\/20200305_120215-50proz-300x225.jpg 300w, https:\/\/duemmerbrise.stuehrenberg.com\/wp-content\/uploads\/2020\/06\/20200305_120215-50proz-768x576.jpg 768w, https:\/\/duemmerbrise.stuehrenberg.com\/wp-content\/uploads\/2020\/06\/20200305_120215-50proz-1536x1152.jpg 1536w, https:\/\/duemmerbrise.stuehrenberg.com\/wp-content\/uploads\/2020\/06\/20200305_120215-50proz.jpg 2016w\" sizes=\"(max-width: 1024px) 100vw, 1024px\" \/><\/figure><\/li><li class=\"blocks-gallery-item\"><figure><img loading=\"lazy\" width=\"768\" height=\"1024\" src=\"http:\/\/duemmerbrise.stuehrenberg.com\/wp-content\/uploads\/2020\/06\/20200305_111519-50proz-768x1024.jpg\" alt=\"\" data-id=\"143\" data-full-url=\"http:\/\/duemmerbrise.stuehrenberg.com\/wp-content\/uploads\/2020\/06\/20200305_111519-50proz.jpg\" data-link=\"http:\/\/duemmerbrise.stuehrenberg.com\/?attachment_id=143\" class=\"wp-image-143\" srcset=\"https:\/\/duemmerbrise.stuehrenberg.com\/wp-content\/uploads\/2020\/06\/20200305_111519-50proz-768x1024.jpg 768w, https:\/\/duemmerbrise.stuehrenberg.com\/wp-content\/uploads\/2020\/06\/20200305_111519-50proz-225x300.jpg 225w, https:\/\/duemmerbrise.stuehrenberg.com\/wp-content\/uploads\/2020\/06\/20200305_111519-50proz-1152x1536.jpg 1152w, https:\/\/duemmerbrise.stuehrenberg.com\/wp-content\/uploads\/2020\/06\/20200305_111519-50proz.jpg 1512w\" sizes=\"(max-width: 768px) 100vw, 768px\" \/><\/figure><\/li><li class=\"blocks-gallery-item\"><figure><img loading=\"lazy\" width=\"1024\" height=\"768\" src=\"http:\/\/duemmerbrise.stuehrenberg.com\/wp-content\/uploads\/2020\/06\/20200305_120203-50proz-1024x768.jpg\" alt=\"\" data-id=\"149\" data-full-url=\"http:\/\/duemmerbrise.stuehrenberg.com\/wp-content\/uploads\/2020\/06\/20200305_120203-50proz.jpg\" data-link=\"http:\/\/duemmerbrise.stuehrenberg.com\/?attachment_id=149\" class=\"wp-image-149\" srcset=\"https:\/\/duemmerbrise.stuehrenberg.com\/wp-content\/uploads\/2020\/06\/20200305_120203-50proz-1024x768.jpg 1024w, https:\/\/duemmerbrise.stuehrenberg.com\/wp-content\/uploads\/2020\/06\/20200305_120203-50proz-300x225.jpg 300w, https:\/\/duemmerbrise.stuehrenberg.com\/wp-content\/uploads\/2020\/06\/20200305_120203-50proz-768x576.jpg 768w, https:\/\/duemmerbrise.stuehrenberg.com\/wp-content\/uploads\/2020\/06\/20200305_120203-50proz-1536x1152.jpg 1536w, https:\/\/duemmerbrise.stuehrenberg.com\/wp-content\/uploads\/2020\/06\/20200305_120203-50proz.jpg 2016w\" sizes=\"(max-width: 1024px) 100vw, 1024px\" \/><\/figure><\/li><li class=\"blocks-gallery-item\"><figure><img loading=\"lazy\" width=\"768\" height=\"1024\" src=\"http:\/\/duemmerbrise.stuehrenberg.com\/wp-content\/uploads\/2020\/06\/20200305_112928-50proz-768x1024.jpg\" alt=\"\" data-id=\"146\" data-full-url=\"http:\/\/duemmerbrise.stuehrenberg.com\/wp-content\/uploads\/2020\/06\/20200305_112928-50proz.jpg\" data-link=\"http:\/\/duemmerbrise.stuehrenberg.com\/?attachment_id=146\" class=\"wp-image-146\" srcset=\"https:\/\/duemmerbrise.stuehrenberg.com\/wp-content\/uploads\/2020\/06\/20200305_112928-50proz-768x1024.jpg 768w, https:\/\/duemmerbrise.stuehrenberg.com\/wp-content\/uploads\/2020\/06\/20200305_112928-50proz-225x300.jpg 225w, https:\/\/duemmerbrise.stuehrenberg.com\/wp-content\/uploads\/2020\/06\/20200305_112928-50proz-1152x1536.jpg 1152w, https:\/\/duemmerbrise.stuehrenberg.com\/wp-content\/uploads\/2020\/06\/20200305_112928-50proz.jpg 1512w\" sizes=\"(max-width: 768px) 100vw, 768px\" \/><figcaption class=\"blocks-gallery-item__caption\"><em><span class=\"has-inline-color has-vivid-cyan-blue-color\">Die Schautafeln erkl\u00e4ren die Entstehung des D\u00fcmmers, listet die heimischen Vorgelarten und f\u00fchrt in die Ma\u00dfnahmen zur Wiederbew\u00e4sserung des D\u00fcmmerumlandes ein.<\/span><\/em><\/figcaption><\/figure><\/li><li class=\"blocks-gallery-item\"><figure><img loading=\"lazy\" width=\"1024\" height=\"768\" src=\"http:\/\/duemmerbrise.stuehrenberg.com\/wp-content\/uploads\/2020\/06\/20200305_113316-50proz-1024x768.jpg\" alt=\"\" data-id=\"148\" data-full-url=\"http:\/\/duemmerbrise.stuehrenberg.com\/wp-content\/uploads\/2020\/06\/20200305_113316-50proz.jpg\" data-link=\"http:\/\/duemmerbrise.stuehrenberg.com\/?attachment_id=148\" class=\"wp-image-148\" srcset=\"https:\/\/duemmerbrise.stuehrenberg.com\/wp-content\/uploads\/2020\/06\/20200305_113316-50proz-1024x768.jpg 1024w, https:\/\/duemmerbrise.stuehrenberg.com\/wp-content\/uploads\/2020\/06\/20200305_113316-50proz-300x225.jpg 300w, https:\/\/duemmerbrise.stuehrenberg.com\/wp-content\/uploads\/2020\/06\/20200305_113316-50proz-768x576.jpg 768w, https:\/\/duemmerbrise.stuehrenberg.com\/wp-content\/uploads\/2020\/06\/20200305_113316-50proz-1536x1152.jpg 1536w, https:\/\/duemmerbrise.stuehrenberg.com\/wp-content\/uploads\/2020\/06\/20200305_113316-50proz.jpg 2016w\" sizes=\"(max-width: 1024px) 100vw, 1024px\" \/><\/figure><\/li><li class=\"blocks-gallery-item\"><figure><img loading=\"lazy\" width=\"1024\" height=\"768\" src=\"http:\/\/duemmerbrise.stuehrenberg.com\/wp-content\/uploads\/2020\/06\/20200304_175946-50proz-1024x768.jpg\" alt=\"\" data-id=\"141\" data-full-url=\"http:\/\/duemmerbrise.stuehrenberg.com\/wp-content\/uploads\/2020\/06\/20200304_175946-50proz.jpg\" data-link=\"http:\/\/duemmerbrise.stuehrenberg.com\/?attachment_id=141\" class=\"wp-image-141\" srcset=\"https:\/\/duemmerbrise.stuehrenberg.com\/wp-content\/uploads\/2020\/06\/20200304_175946-50proz-1024x768.jpg 1024w, https:\/\/duemmerbrise.stuehrenberg.com\/wp-content\/uploads\/2020\/06\/20200304_175946-50proz-300x225.jpg 300w, https:\/\/duemmerbrise.stuehrenberg.com\/wp-content\/uploads\/2020\/06\/20200304_175946-50proz-768x576.jpg 768w, https:\/\/duemmerbrise.stuehrenberg.com\/wp-content\/uploads\/2020\/06\/20200304_175946-50proz-1536x1152.jpg 1536w, https:\/\/duemmerbrise.stuehrenberg.com\/wp-content\/uploads\/2020\/06\/20200304_175946-50proz.jpg 2016w\" sizes=\"(max-width: 1024px) 100vw, 1024px\" \/><\/figure><\/li><li class=\"blocks-gallery-item\"><figure><img loading=\"lazy\" width=\"1024\" height=\"768\" src=\"http:\/\/duemmerbrise.stuehrenberg.com\/wp-content\/uploads\/2020\/06\/20200305_112942-50proz-1024x768.jpg\" alt=\"\" data-id=\"147\" data-full-url=\"http:\/\/duemmerbrise.stuehrenberg.com\/wp-content\/uploads\/2020\/06\/20200305_112942-50proz.jpg\" data-link=\"http:\/\/duemmerbrise.stuehrenberg.com\/?attachment_id=147\" class=\"wp-image-147\" srcset=\"https:\/\/duemmerbrise.stuehrenberg.com\/wp-content\/uploads\/2020\/06\/20200305_112942-50proz-1024x768.jpg 1024w, https:\/\/duemmerbrise.stuehrenberg.com\/wp-content\/uploads\/2020\/06\/20200305_112942-50proz-300x225.jpg 300w, https:\/\/duemmerbrise.stuehrenberg.com\/wp-content\/uploads\/2020\/06\/20200305_112942-50proz-768x576.jpg 768w, https:\/\/duemmerbrise.stuehrenberg.com\/wp-content\/uploads\/2020\/06\/20200305_112942-50proz-1536x1152.jpg 1536w, https:\/\/duemmerbrise.stuehrenberg.com\/wp-content\/uploads\/2020\/06\/20200305_112942-50proz.jpg 2016w\" sizes=\"(max-width: 1024px) 100vw, 1024px\" \/><\/figure><\/li><li class=\"blocks-gallery-item\"><figure><img loading=\"lazy\" width=\"1024\" height=\"768\" src=\"http:\/\/duemmerbrise.stuehrenberg.com\/wp-content\/uploads\/2020\/06\/20200305_111516-50proz-1024x768.jpg\" alt=\"\" data-id=\"142\" data-full-url=\"http:\/\/duemmerbrise.stuehrenberg.com\/wp-content\/uploads\/2020\/06\/20200305_111516-50proz.jpg\" data-link=\"http:\/\/duemmerbrise.stuehrenberg.com\/?attachment_id=142\" class=\"wp-image-142\" srcset=\"https:\/\/duemmerbrise.stuehrenberg.com\/wp-content\/uploads\/2020\/06\/20200305_111516-50proz-1024x768.jpg 1024w, https:\/\/duemmerbrise.stuehrenberg.com\/wp-content\/uploads\/2020\/06\/20200305_111516-50proz-300x225.jpg 300w, https:\/\/duemmerbrise.stuehrenberg.com\/wp-content\/uploads\/2020\/06\/20200305_111516-50proz-768x576.jpg 768w, https:\/\/duemmerbrise.stuehrenberg.com\/wp-content\/uploads\/2020\/06\/20200305_111516-50proz-1536x1152.jpg 1536w, https:\/\/duemmerbrise.stuehrenberg.com\/wp-content\/uploads\/2020\/06\/20200305_111516-50proz.jpg 2016w\" sizes=\"(max-width: 1024px) 100vw, 1024px\" \/><\/figure><\/li><li class=\"blocks-gallery-item\"><figure><img loading=\"lazy\" width=\"1024\" height=\"768\" src=\"http:\/\/duemmerbrise.stuehrenberg.com\/wp-content\/uploads\/2020\/06\/20200305_112000-50proz-1024x768.jpg\" alt=\"\" data-id=\"145\" data-full-url=\"http:\/\/duemmerbrise.stuehrenberg.com\/wp-content\/uploads\/2020\/06\/20200305_112000-50proz.jpg\" data-link=\"http:\/\/duemmerbrise.stuehrenberg.com\/?attachment_id=145\" class=\"wp-image-145\" srcset=\"https:\/\/duemmerbrise.stuehrenberg.com\/wp-content\/uploads\/2020\/06\/20200305_112000-50proz-1024x768.jpg 1024w, https:\/\/duemmerbrise.stuehrenberg.com\/wp-content\/uploads\/2020\/06\/20200305_112000-50proz-300x225.jpg 300w, https:\/\/duemmerbrise.stuehrenberg.com\/wp-content\/uploads\/2020\/06\/20200305_112000-50proz-768x576.jpg 768w, https:\/\/duemmerbrise.stuehrenberg.com\/wp-content\/uploads\/2020\/06\/20200305_112000-50proz-1536x1152.jpg 1536w, https:\/\/duemmerbrise.stuehrenberg.com\/wp-content\/uploads\/2020\/06\/20200305_112000-50proz.jpg 2016w\" sizes=\"(max-width: 1024px) 100vw, 1024px\" \/><\/figure><\/li><li class=\"blocks-gallery-item\"><figure><img loading=\"lazy\" width=\"768\" height=\"1024\" src=\"http:\/\/duemmerbrise.stuehrenberg.com\/wp-content\/uploads\/2020\/06\/20191231_143750-50proz-768x1024.jpg\" alt=\"\" data-id=\"125\" data-full-url=\"http:\/\/duemmerbrise.stuehrenberg.com\/wp-content\/uploads\/2020\/06\/20191231_143750-50proz.jpg\" data-link=\"http:\/\/duemmerbrise.stuehrenberg.com\/?attachment_id=125\" class=\"wp-image-125\" srcset=\"https:\/\/duemmerbrise.stuehrenberg.com\/wp-content\/uploads\/2020\/06\/20191231_143750-50proz-768x1024.jpg 768w, https:\/\/duemmerbrise.stuehrenberg.com\/wp-content\/uploads\/2020\/06\/20191231_143750-50proz-225x300.jpg 225w, https:\/\/duemmerbrise.stuehrenberg.com\/wp-content\/uploads\/2020\/06\/20191231_143750-50proz-1152x1536.jpg 1152w, https:\/\/duemmerbrise.stuehrenberg.com\/wp-content\/uploads\/2020\/06\/20191231_143750-50proz.jpg 1512w\" sizes=\"(max-width: 768px) 100vw, 768px\" \/><\/figure><\/li><li class=\"blocks-gallery-item\"><figure><img loading=\"lazy\" width=\"1024\" height=\"768\" src=\"http:\/\/duemmerbrise.stuehrenberg.com\/wp-content\/uploads\/2020\/06\/20200103_155708-50proz-1024x768.jpg\" alt=\"\" data-id=\"127\" data-full-url=\"http:\/\/duemmerbrise.stuehrenberg.com\/wp-content\/uploads\/2020\/06\/20200103_155708-50proz.jpg\" data-link=\"http:\/\/duemmerbrise.stuehrenberg.com\/?attachment_id=127\" class=\"wp-image-127\" srcset=\"https:\/\/duemmerbrise.stuehrenberg.com\/wp-content\/uploads\/2020\/06\/20200103_155708-50proz-1024x768.jpg 1024w, https:\/\/duemmerbrise.stuehrenberg.com\/wp-content\/uploads\/2020\/06\/20200103_155708-50proz-300x225.jpg 300w, https:\/\/duemmerbrise.stuehrenberg.com\/wp-content\/uploads\/2020\/06\/20200103_155708-50proz-768x576.jpg 768w, https:\/\/duemmerbrise.stuehrenberg.com\/wp-content\/uploads\/2020\/06\/20200103_155708-50proz-1536x1152.jpg 1536w, https:\/\/duemmerbrise.stuehrenberg.com\/wp-content\/uploads\/2020\/06\/20200103_155708-50proz.jpg 2016w\" sizes=\"(max-width: 1024px) 100vw, 1024px\" \/><\/figure><\/li><li class=\"blocks-gallery-item\"><figure><img loading=\"lazy\" width=\"768\" height=\"1024\" src=\"http:\/\/duemmerbrise.stuehrenberg.com\/wp-content\/uploads\/2020\/06\/20200304_175938-50proz-768x1024.jpg\" alt=\"\" data-id=\"140\" data-full-url=\"http:\/\/duemmerbrise.stuehrenberg.com\/wp-content\/uploads\/2020\/06\/20200304_175938-50proz.jpg\" data-link=\"http:\/\/duemmerbrise.stuehrenberg.com\/?attachment_id=140\" class=\"wp-image-140\" srcset=\"https:\/\/duemmerbrise.stuehrenberg.com\/wp-content\/uploads\/2020\/06\/20200304_175938-50proz-768x1024.jpg 768w, https:\/\/duemmerbrise.stuehrenberg.com\/wp-content\/uploads\/2020\/06\/20200304_175938-50proz-225x300.jpg 225w, https:\/\/duemmerbrise.stuehrenberg.com\/wp-content\/uploads\/2020\/06\/20200304_175938-50proz-1152x1536.jpg 1152w, https:\/\/duemmerbrise.stuehrenberg.com\/wp-content\/uploads\/2020\/06\/20200304_175938-50proz.jpg 1512w\" sizes=\"(max-width: 768px) 100vw, 768px\" \/><\/figure><\/li><li class=\"blocks-gallery-item\"><figure><img loading=\"lazy\" width=\"1024\" height=\"1024\" src=\"http:\/\/duemmerbrise.stuehrenberg.com\/wp-content\/uploads\/2020\/06\/20200614_145626-50proz-1024x1024.jpg\" alt=\"\" data-id=\"83\" data-full-url=\"http:\/\/duemmerbrise.stuehrenberg.com\/wp-content\/uploads\/2020\/06\/20200614_145626-50proz.jpg\" data-link=\"http:\/\/duemmerbrise.stuehrenberg.com\/?attachment_id=83\" class=\"wp-image-83\" srcset=\"https:\/\/duemmerbrise.stuehrenberg.com\/wp-content\/uploads\/2020\/06\/20200614_145626-50proz-1024x1024.jpg 1024w, https:\/\/duemmerbrise.stuehrenberg.com\/wp-content\/uploads\/2020\/06\/20200614_145626-50proz-300x300.jpg 300w, https:\/\/duemmerbrise.stuehrenberg.com\/wp-content\/uploads\/2020\/06\/20200614_145626-50proz-150x150.jpg 150w, https:\/\/duemmerbrise.stuehrenberg.com\/wp-content\/uploads\/2020\/06\/20200614_145626-50proz-768x768.jpg 768w, https:\/\/duemmerbrise.stuehrenberg.com\/wp-content\/uploads\/2020\/06\/20200614_145626-50proz.jpg 1080w\" sizes=\"(max-width: 1024px) 100vw, 1024px\" \/><\/figure><\/li><li class=\"blocks-gallery-item\"><figure><img loading=\"lazy\" width=\"1024\" height=\"768\" src=\"http:\/\/duemmerbrise.stuehrenberg.com\/wp-content\/uploads\/2020\/06\/20200305_170236-50proz-1024x768.jpg\" alt=\"\" data-id=\"151\" data-full-url=\"http:\/\/duemmerbrise.stuehrenberg.com\/wp-content\/uploads\/2020\/06\/20200305_170236-50proz.jpg\" data-link=\"http:\/\/duemmerbrise.stuehrenberg.com\/?attachment_id=151\" class=\"wp-image-151\" srcset=\"https:\/\/duemmerbrise.stuehrenberg.com\/wp-content\/uploads\/2020\/06\/20200305_170236-50proz-1024x768.jpg 1024w, https:\/\/duemmerbrise.stuehrenberg.com\/wp-content\/uploads\/2020\/06\/20200305_170236-50proz-300x225.jpg 300w, https:\/\/duemmerbrise.stuehrenberg.com\/wp-content\/uploads\/2020\/06\/20200305_170236-50proz-768x576.jpg 768w, https:\/\/duemmerbrise.stuehrenberg.com\/wp-content\/uploads\/2020\/06\/20200305_170236-50proz-1536x1152.jpg 1536w, https:\/\/duemmerbrise.stuehrenberg.com\/wp-content\/uploads\/2020\/06\/20200305_170236-50proz.jpg 2016w\" sizes=\"(max-width: 1024px) 100vw, 1024px\" \/><\/figure><\/li><li class=\"blocks-gallery-item\"><figure><img loading=\"lazy\" width=\"768\" height=\"1024\" src=\"http:\/\/duemmerbrise.stuehrenberg.com\/wp-content\/uploads\/2020\/06\/20191231_143817-50proz-768x1024.jpg\" alt=\"\" data-id=\"126\" data-full-url=\"http:\/\/duemmerbrise.stuehrenberg.com\/wp-content\/uploads\/2020\/06\/20191231_143817-50proz.jpg\" data-link=\"http:\/\/duemmerbrise.stuehrenberg.com\/?attachment_id=126\" class=\"wp-image-126\" srcset=\"https:\/\/duemmerbrise.stuehrenberg.com\/wp-content\/uploads\/2020\/06\/20191231_143817-50proz-768x1024.jpg 768w, https:\/\/duemmerbrise.stuehrenberg.com\/wp-content\/uploads\/2020\/06\/20191231_143817-50proz-225x300.jpg 225w, https:\/\/duemmerbrise.stuehrenberg.com\/wp-content\/uploads\/2020\/06\/20191231_143817-50proz-1152x1536.jpg 1152w, https:\/\/duemmerbrise.stuehrenberg.com\/wp-content\/uploads\/2020\/06\/20191231_143817-50proz.jpg 1512w\" sizes=\"(max-width: 768px) 100vw, 768px\" \/><\/figure><\/li><\/ul><figcaption class=\"blocks-gallery-caption\">Mit dem Fahrrad kommt man gut in 3 Stunden einmal herum, bei Regen gibt es Unterst\u00e4nde oder ein Caf\u00e8, Restaurant Liegewiese. <\/figcaption><\/figure>\n\n\n\n<p><\/p>\n","protected":false},"excerpt":{"rendered":"","protected":false},"author":1,"featured_media":0,"parent":0,"menu_order":0,"comment_status":"closed","ping_status":"closed","template":"","meta":[],"_links":{"self":[{"href":"https:\/\/duemmerbrise.stuehrenberg.com\/index.php?rest_route=\/wp\/v2\/pages\/122"}],"collection":[{"href":"https:\/\/duemmerbrise.stuehrenberg.com\/index.php?rest_route=\/wp\/v2\/pages"}],"about":[{"href":"https:\/\/duemmerbrise.stuehrenberg.com\/index.php?rest_route=\/wp\/v2\/types\/page"}],"author":[{"embeddable":true,"href":"https:\/\/duemmerbrise.stuehrenberg.com\/index.php?rest_route=\/wp\/v2\/users\/1"}],"replies":[{"embeddable":true,"href":"https:\/\/duemmerbrise.stuehrenberg.com\/index.php?rest_route=%2Fwp%2Fv2%2Fcomments&post=122"}],"version-history":[{"count":5,"href":"https:\/\/duemmerbrise.stuehrenberg.com\/index.php?rest_route=\/wp\/v2\/pages\/122\/revisions"}],"predecessor-version":[{"id":281,"href":"https:\/\/duemmerbrise.stuehrenberg.com\/index.php?rest_route=\/wp\/v2\/pages\/122\/revisions\/281"}],"wp:attachment":[{"href":"https:\/\/duemmerbrise.stuehrenberg.com\/index.php?rest_route=%2Fwp%2Fv2%2Fmedia&parent=122"}],"curies":[{"name":"wp","href":"https:\/\/api.w.org\/{rel}","templated":true}]}}