{"id":186,"date":"2020-06-15T16:59:48","date_gmt":"2020-06-15T16:59:48","guid":{"rendered":"http:\/\/duemmerbrise.stuehrenberg.com\/?page_id=186"},"modified":"2020-06-28T13:36:45","modified_gmt":"2020-06-28T13:36:45","slug":"highlights-in-max-200m-umgebung","status":"publish","type":"page","link":"https:\/\/duemmerbrise.stuehrenberg.com\/?page_id=186","title":{"rendered":"&#8222;HighLights&#8220; in unmittelbarer N\u00e4he"},"content":{"rendered":"\n<figure class=\"wp-block-gallery columns-2 is-cropped\"><ul class=\"blocks-gallery-grid\"><li class=\"blocks-gallery-item\"><figure><a href=\"http:\/\/duemmerbrise.stuehrenberg.com\/wp-content\/uploads\/2020\/06\/20200304_170920-50proz.jpg\"><img loading=\"lazy\" width=\"768\" height=\"1024\" src=\"http:\/\/duemmerbrise.stuehrenberg.com\/wp-content\/uploads\/2020\/06\/20200304_170920-50proz-768x1024.jpg\" alt=\"\" data-id=\"129\" data-full-url=\"http:\/\/duemmerbrise.stuehrenberg.com\/wp-content\/uploads\/2020\/06\/20200304_170920-50proz.jpg\" data-link=\"http:\/\/duemmerbrise.stuehrenberg.com\/?attachment_id=129\" class=\"wp-image-129\" srcset=\"https:\/\/duemmerbrise.stuehrenberg.com\/wp-content\/uploads\/2020\/06\/20200304_170920-50proz-768x1024.jpg 768w, https:\/\/duemmerbrise.stuehrenberg.com\/wp-content\/uploads\/2020\/06\/20200304_170920-50proz-225x300.jpg 225w, https:\/\/duemmerbrise.stuehrenberg.com\/wp-content\/uploads\/2020\/06\/20200304_170920-50proz-1152x1536.jpg 1152w, https:\/\/duemmerbrise.stuehrenberg.com\/wp-content\/uploads\/2020\/06\/20200304_170920-50proz.jpg 1512w\" sizes=\"(max-width: 768px) 100vw, 768px\" \/><\/a><\/figure><\/li><li class=\"blocks-gallery-item\"><figure><a href=\"http:\/\/duemmerbrise.stuehrenberg.com\/wp-content\/uploads\/2020\/06\/20200304_175946-50proz.jpg\"><img loading=\"lazy\" width=\"1024\" height=\"768\" src=\"http:\/\/duemmerbrise.stuehrenberg.com\/wp-content\/uploads\/2020\/06\/20200304_175946-50proz-1024x768.jpg\" alt=\"\" data-id=\"141\" data-full-url=\"http:\/\/duemmerbrise.stuehrenberg.com\/wp-content\/uploads\/2020\/06\/20200304_175946-50proz.jpg\" data-link=\"http:\/\/duemmerbrise.stuehrenberg.com\/?attachment_id=141\" class=\"wp-image-141\" srcset=\"https:\/\/duemmerbrise.stuehrenberg.com\/wp-content\/uploads\/2020\/06\/20200304_175946-50proz-1024x768.jpg 1024w, https:\/\/duemmerbrise.stuehrenberg.com\/wp-content\/uploads\/2020\/06\/20200304_175946-50proz-300x225.jpg 300w, https:\/\/duemmerbrise.stuehrenberg.com\/wp-content\/uploads\/2020\/06\/20200304_175946-50proz-768x576.jpg 768w, https:\/\/duemmerbrise.stuehrenberg.com\/wp-content\/uploads\/2020\/06\/20200304_175946-50proz-1536x1152.jpg 1536w, https:\/\/duemmerbrise.stuehrenberg.com\/wp-content\/uploads\/2020\/06\/20200304_175946-50proz.jpg 2016w\" sizes=\"(max-width: 1024px) 100vw, 1024px\" \/><\/a><\/figure><\/li><\/ul><figcaption class=\"blocks-gallery-caption\"><em><strong><span class=\"has-inline-color has-vivid-cyan-blue-color\">Die Seesauna im Marissa Ferienpark: Fu\u00dfweg 5 min<\/span><\/strong><\/em><br><br><\/figcaption><\/figure>\n\n\n\n<figure class=\"wp-block-gallery columns-3 is-cropped\"><ul class=\"blocks-gallery-grid\"><li class=\"blocks-gallery-item\"><figure><a href=\"http:\/\/duemmerbrise.stuehrenberg.com\/wp-content\/uploads\/2020\/06\/20200614_145526-50proz.jpg\"><img loading=\"lazy\" width=\"1024\" height=\"1024\" src=\"http:\/\/duemmerbrise.stuehrenberg.com\/wp-content\/uploads\/2020\/06\/20200614_145526-50proz-1024x1024.jpg\" alt=\"\" data-id=\"177\" data-full-url=\"http:\/\/duemmerbrise.stuehrenberg.com\/wp-content\/uploads\/2020\/06\/20200614_145526-50proz.jpg\" data-link=\"http:\/\/duemmerbrise.stuehrenberg.com\/?attachment_id=177\" class=\"wp-image-177\" srcset=\"https:\/\/duemmerbrise.stuehrenberg.com\/wp-content\/uploads\/2020\/06\/20200614_145526-50proz-1024x1024.jpg 1024w, https:\/\/duemmerbrise.stuehrenberg.com\/wp-content\/uploads\/2020\/06\/20200614_145526-50proz-300x300.jpg 300w, https:\/\/duemmerbrise.stuehrenberg.com\/wp-content\/uploads\/2020\/06\/20200614_145526-50proz-150x150.jpg 150w, https:\/\/duemmerbrise.stuehrenberg.com\/wp-content\/uploads\/2020\/06\/20200614_145526-50proz-768x768.jpg 768w, https:\/\/duemmerbrise.stuehrenberg.com\/wp-content\/uploads\/2020\/06\/20200614_145526-50proz.jpg 1080w\" sizes=\"(max-width: 1024px) 100vw, 1024px\" \/><\/a><figcaption class=\"blocks-gallery-item__caption\">das D\u00fcmmermuseum<\/figcaption><\/figure><\/li><li class=\"blocks-gallery-item\"><figure><a href=\"http:\/\/duemmerbrise.stuehrenberg.com\/wp-content\/uploads\/2020\/06\/20200614_145328-50proz-1.jpg\"><img loading=\"lazy\" width=\"1024\" height=\"1024\" src=\"http:\/\/duemmerbrise.stuehrenberg.com\/wp-content\/uploads\/2020\/06\/20200614_145328-50proz-1-1024x1024.jpg\" alt=\"\" data-id=\"175\" data-full-url=\"http:\/\/duemmerbrise.stuehrenberg.com\/wp-content\/uploads\/2020\/06\/20200614_145328-50proz-1.jpg\" data-link=\"http:\/\/duemmerbrise.stuehrenberg.com\/?attachment_id=175\" class=\"wp-image-175\" srcset=\"https:\/\/duemmerbrise.stuehrenberg.com\/wp-content\/uploads\/2020\/06\/20200614_145328-50proz-1-1024x1024.jpg 1024w, https:\/\/duemmerbrise.stuehrenberg.com\/wp-content\/uploads\/2020\/06\/20200614_145328-50proz-1-300x300.jpg 300w, https:\/\/duemmerbrise.stuehrenberg.com\/wp-content\/uploads\/2020\/06\/20200614_145328-50proz-1-150x150.jpg 150w, https:\/\/duemmerbrise.stuehrenberg.com\/wp-content\/uploads\/2020\/06\/20200614_145328-50proz-1-768x768.jpg 768w, https:\/\/duemmerbrise.stuehrenberg.com\/wp-content\/uploads\/2020\/06\/20200614_145328-50proz-1.jpg 1080w\" sizes=\"(max-width: 1024px) 100vw, 1024px\" \/><\/a><figcaption class=\"blocks-gallery-item__caption\">Hier gibt es zu Essen und Trinken nach guter alter Sitte<\/figcaption><\/figure><\/li><li class=\"blocks-gallery-item\"><figure><a href=\"http:\/\/duemmerbrise.stuehrenberg.com\/wp-content\/uploads\/2020\/06\/20200614_145247-50proz-1.jpg\"><img loading=\"lazy\" width=\"1024\" height=\"1024\" src=\"http:\/\/duemmerbrise.stuehrenberg.com\/wp-content\/uploads\/2020\/06\/20200614_145247-50proz-1-1024x1024.jpg\" alt=\"\" data-id=\"174\" data-full-url=\"http:\/\/duemmerbrise.stuehrenberg.com\/wp-content\/uploads\/2020\/06\/20200614_145247-50proz-1.jpg\" data-link=\"http:\/\/duemmerbrise.stuehrenberg.com\/?attachment_id=174\" class=\"wp-image-174\" srcset=\"https:\/\/duemmerbrise.stuehrenberg.com\/wp-content\/uploads\/2020\/06\/20200614_145247-50proz-1-1024x1024.jpg 1024w, https:\/\/duemmerbrise.stuehrenberg.com\/wp-content\/uploads\/2020\/06\/20200614_145247-50proz-1-300x300.jpg 300w, https:\/\/duemmerbrise.stuehrenberg.com\/wp-content\/uploads\/2020\/06\/20200614_145247-50proz-1-150x150.jpg 150w, https:\/\/duemmerbrise.stuehrenberg.com\/wp-content\/uploads\/2020\/06\/20200614_145247-50proz-1-768x768.jpg 768w, https:\/\/duemmerbrise.stuehrenberg.com\/wp-content\/uploads\/2020\/06\/20200614_145247-50proz-1.jpg 1080w\" sizes=\"(max-width: 1024px) 100vw, 1024px\" \/><\/a><figcaption class=\"blocks-gallery-item__caption\">Erkl\u00e4rungen zu Historie, aktueller Tier- und Pflanzenwelt und den aktuellen Naturschutzprojekten der Umgebung <\/figcaption><\/figure><\/li><li class=\"blocks-gallery-item\"><figure><a href=\"http:\/\/duemmerbrise.stuehrenberg.com\/wp-content\/uploads\/2020\/06\/20200614_143710-50proz-1.jpg\"><img loading=\"lazy\" width=\"1024\" height=\"1024\" src=\"http:\/\/duemmerbrise.stuehrenberg.com\/wp-content\/uploads\/2020\/06\/20200614_143710-50proz-1-1024x1024.jpg\" alt=\"\" data-id=\"170\" data-full-url=\"http:\/\/duemmerbrise.stuehrenberg.com\/wp-content\/uploads\/2020\/06\/20200614_143710-50proz-1.jpg\" data-link=\"http:\/\/duemmerbrise.stuehrenberg.com\/?attachment_id=170\" class=\"wp-image-170\" srcset=\"https:\/\/duemmerbrise.stuehrenberg.com\/wp-content\/uploads\/2020\/06\/20200614_143710-50proz-1-1024x1024.jpg 1024w, https:\/\/duemmerbrise.stuehrenberg.com\/wp-content\/uploads\/2020\/06\/20200614_143710-50proz-1-300x300.jpg 300w, https:\/\/duemmerbrise.stuehrenberg.com\/wp-content\/uploads\/2020\/06\/20200614_143710-50proz-1-150x150.jpg 150w, https:\/\/duemmerbrise.stuehrenberg.com\/wp-content\/uploads\/2020\/06\/20200614_143710-50proz-1-768x768.jpg 768w, https:\/\/duemmerbrise.stuehrenberg.com\/wp-content\/uploads\/2020\/06\/20200614_143710-50proz-1.jpg 1080w\" sizes=\"(max-width: 1024px) 100vw, 1024px\" \/><\/a><figcaption class=\"blocks-gallery-item__caption\">Reetdachgeb\u00e4ude, eine typische Kulisse der D\u00fcmmerlandschaft<\/figcaption><\/figure><\/li><li class=\"blocks-gallery-item\"><figure><a href=\"http:\/\/duemmerbrise.stuehrenberg.com\/wp-content\/uploads\/2020\/06\/20200614_145141-50proz-2.jpg\"><img loading=\"lazy\" width=\"1024\" height=\"1024\" src=\"http:\/\/duemmerbrise.stuehrenberg.com\/wp-content\/uploads\/2020\/06\/20200614_145141-50proz-2-1024x1024.jpg\" alt=\"\" data-id=\"173\" data-full-url=\"http:\/\/duemmerbrise.stuehrenberg.com\/wp-content\/uploads\/2020\/06\/20200614_145141-50proz-2.jpg\" data-link=\"http:\/\/duemmerbrise.stuehrenberg.com\/?attachment_id=173\" class=\"wp-image-173\" srcset=\"https:\/\/duemmerbrise.stuehrenberg.com\/wp-content\/uploads\/2020\/06\/20200614_145141-50proz-2-1024x1024.jpg 1024w, https:\/\/duemmerbrise.stuehrenberg.com\/wp-content\/uploads\/2020\/06\/20200614_145141-50proz-2-300x300.jpg 300w, https:\/\/duemmerbrise.stuehrenberg.com\/wp-content\/uploads\/2020\/06\/20200614_145141-50proz-2-150x150.jpg 150w, https:\/\/duemmerbrise.stuehrenberg.com\/wp-content\/uploads\/2020\/06\/20200614_145141-50proz-2-768x768.jpg 768w, https:\/\/duemmerbrise.stuehrenberg.com\/wp-content\/uploads\/2020\/06\/20200614_145141-50proz-2.jpg 1080w\" sizes=\"(max-width: 1024px) 100vw, 1024px\" \/><\/a><figcaption class=\"blocks-gallery-item__caption\">Crepes und einige Arten moderner Verk\u00f6stigungen im Angebot<\/figcaption><\/figure><\/li><li class=\"blocks-gallery-item\"><figure><a href=\"http:\/\/duemmerbrise.stuehrenberg.com\/wp-content\/uploads\/2020\/06\/20200614_143652-50proz-2.jpg\"><img loading=\"lazy\" width=\"1024\" height=\"1024\" src=\"http:\/\/duemmerbrise.stuehrenberg.com\/wp-content\/uploads\/2020\/06\/20200614_143652-50proz-2-1024x1024.jpg\" alt=\"\" data-id=\"169\" data-full-url=\"http:\/\/duemmerbrise.stuehrenberg.com\/wp-content\/uploads\/2020\/06\/20200614_143652-50proz-2.jpg\" data-link=\"http:\/\/duemmerbrise.stuehrenberg.com\/?attachment_id=169\" class=\"wp-image-169\" srcset=\"https:\/\/duemmerbrise.stuehrenberg.com\/wp-content\/uploads\/2020\/06\/20200614_143652-50proz-2-1024x1024.jpg 1024w, https:\/\/duemmerbrise.stuehrenberg.com\/wp-content\/uploads\/2020\/06\/20200614_143652-50proz-2-300x300.jpg 300w, https:\/\/duemmerbrise.stuehrenberg.com\/wp-content\/uploads\/2020\/06\/20200614_143652-50proz-2-150x150.jpg 150w, https:\/\/duemmerbrise.stuehrenberg.com\/wp-content\/uploads\/2020\/06\/20200614_143652-50proz-2-768x768.jpg 768w, https:\/\/duemmerbrise.stuehrenberg.com\/wp-content\/uploads\/2020\/06\/20200614_143652-50proz-2.jpg 1080w\" sizes=\"(max-width: 1024px) 100vw, 1024px\" \/><\/a><figcaption class=\"blocks-gallery-item__caption\">Wenn Sie Ihr eigenes Boot ins Wasser lassen m\u00f6chten<\/figcaption><\/figure><\/li><li class=\"blocks-gallery-item\"><figure><a href=\"http:\/\/duemmerbrise.stuehrenberg.com\/wp-content\/uploads\/2020\/06\/20200614_143645-50proz.jpg\"><img loading=\"lazy\" width=\"1024\" height=\"1024\" src=\"http:\/\/duemmerbrise.stuehrenberg.com\/wp-content\/uploads\/2020\/06\/20200614_143645-50proz-1024x1024.jpg\" alt=\"\" data-id=\"168\" data-full-url=\"http:\/\/duemmerbrise.stuehrenberg.com\/wp-content\/uploads\/2020\/06\/20200614_143645-50proz.jpg\" data-link=\"http:\/\/duemmerbrise.stuehrenberg.com\/?attachment_id=168\" class=\"wp-image-168\" srcset=\"https:\/\/duemmerbrise.stuehrenberg.com\/wp-content\/uploads\/2020\/06\/20200614_143645-50proz-1024x1024.jpg 1024w, https:\/\/duemmerbrise.stuehrenberg.com\/wp-content\/uploads\/2020\/06\/20200614_143645-50proz-300x300.jpg 300w, https:\/\/duemmerbrise.stuehrenberg.com\/wp-content\/uploads\/2020\/06\/20200614_143645-50proz-150x150.jpg 150w, https:\/\/duemmerbrise.stuehrenberg.com\/wp-content\/uploads\/2020\/06\/20200614_143645-50proz-768x768.jpg 768w, https:\/\/duemmerbrise.stuehrenberg.com\/wp-content\/uploads\/2020\/06\/20200614_143645-50proz.jpg 1080w\" sizes=\"(max-width: 1024px) 100vw, 1024px\" \/><\/a><figcaption class=\"blocks-gallery-item__caption\">F\u00fcr Paddler und Kurzweiler<\/figcaption><\/figure><\/li><li class=\"blocks-gallery-item\"><figure><a href=\"http:\/\/duemmerbrise.stuehrenberg.com\/wp-content\/uploads\/2020\/06\/20200607_130835-50proz-2.jpg\"><img loading=\"lazy\" width=\"1024\" height=\"1024\" src=\"http:\/\/duemmerbrise.stuehrenberg.com\/wp-content\/uploads\/2020\/06\/20200607_130835-50proz-2-1024x1024.jpg\" alt=\"\" data-id=\"165\" data-full-url=\"http:\/\/duemmerbrise.stuehrenberg.com\/wp-content\/uploads\/2020\/06\/20200607_130835-50proz-2.jpg\" data-link=\"http:\/\/duemmerbrise.stuehrenberg.com\/?attachment_id=165\" class=\"wp-image-165\" srcset=\"https:\/\/duemmerbrise.stuehrenberg.com\/wp-content\/uploads\/2020\/06\/20200607_130835-50proz-2-1024x1024.jpg 1024w, https:\/\/duemmerbrise.stuehrenberg.com\/wp-content\/uploads\/2020\/06\/20200607_130835-50proz-2-300x300.jpg 300w, https:\/\/duemmerbrise.stuehrenberg.com\/wp-content\/uploads\/2020\/06\/20200607_130835-50proz-2-150x150.jpg 150w, https:\/\/duemmerbrise.stuehrenberg.com\/wp-content\/uploads\/2020\/06\/20200607_130835-50proz-2-768x768.jpg 768w, https:\/\/duemmerbrise.stuehrenberg.com\/wp-content\/uploads\/2020\/06\/20200607_130835-50proz-2.jpg 1080w\" sizes=\"(max-width: 1024px) 100vw, 1024px\" \/><\/a><figcaption class=\"blocks-gallery-item__caption\">BeachMar, das Feeling von der K\u00fcste<\/figcaption><\/figure><\/li><li class=\"blocks-gallery-item\"><figure><a href=\"http:\/\/duemmerbrise.stuehrenberg.com\/wp-content\/uploads\/2020\/06\/20190924_194047-50proz.jpg\"><img loading=\"lazy\" width=\"360\" height=\"640\" src=\"http:\/\/duemmerbrise.stuehrenberg.com\/wp-content\/uploads\/2020\/06\/20190924_194047-50proz.jpg\" alt=\"\" data-id=\"215\" data-full-url=\"http:\/\/duemmerbrise.stuehrenberg.com\/wp-content\/uploads\/2020\/06\/20190924_194047-50proz.jpg\" data-link=\"http:\/\/duemmerbrise.stuehrenberg.com\/?attachment_id=215\" class=\"wp-image-215\" srcset=\"https:\/\/duemmerbrise.stuehrenberg.com\/wp-content\/uploads\/2020\/06\/20190924_194047-50proz.jpg 360w, https:\/\/duemmerbrise.stuehrenberg.com\/wp-content\/uploads\/2020\/06\/20190924_194047-50proz-169x300.jpg 169w\" sizes=\"(max-width: 360px) 100vw, 360px\" \/><\/a><figcaption class=\"blocks-gallery-item__caption\">Kneipen\/Baden und Burgen bauen<\/figcaption><\/figure><\/li><li class=\"blocks-gallery-item\"><figure><a href=\"http:\/\/duemmerbrise.stuehrenberg.com\/wp-content\/uploads\/2020\/06\/20200620_134133-50proz.jpg\"><img loading=\"lazy\" width=\"1024\" height=\"1024\" src=\"http:\/\/duemmerbrise.stuehrenberg.com\/wp-content\/uploads\/2020\/06\/20200620_134133-50proz-1024x1024.jpg\" alt=\"\" data-id=\"314\" data-full-url=\"http:\/\/duemmerbrise.stuehrenberg.com\/wp-content\/uploads\/2020\/06\/20200620_134133-50proz.jpg\" data-link=\"http:\/\/duemmerbrise.stuehrenberg.com\/?attachment_id=314\" class=\"wp-image-314\" srcset=\"https:\/\/duemmerbrise.stuehrenberg.com\/wp-content\/uploads\/2020\/06\/20200620_134133-50proz-1024x1024.jpg 1024w, https:\/\/duemmerbrise.stuehrenberg.com\/wp-content\/uploads\/2020\/06\/20200620_134133-50proz-300x300.jpg 300w, https:\/\/duemmerbrise.stuehrenberg.com\/wp-content\/uploads\/2020\/06\/20200620_134133-50proz-150x150.jpg 150w, https:\/\/duemmerbrise.stuehrenberg.com\/wp-content\/uploads\/2020\/06\/20200620_134133-50proz-768x768.jpg 768w, https:\/\/duemmerbrise.stuehrenberg.com\/wp-content\/uploads\/2020\/06\/20200620_134133-50proz.jpg 1080w\" sizes=\"(max-width: 1024px) 100vw, 1024px\" \/><\/a><figcaption class=\"blocks-gallery-item__caption\"><em><span class=\"has-inline-color has-vivid-cyan-blue-color\">Infos zu touristischen Angeboten un Mitteilungen der Vermieterin finden Sie hier<\/span><\/em><\/figcaption><\/figure><\/li><\/ul><\/figure>\n\n\n\n<figure class=\"wp-block-image size-large is-resized\"><img loading=\"lazy\" src=\"http:\/\/duemmerbrise.stuehrenberg.com\/wp-content\/uploads\/2020\/06\/20190922_132846-50proz.jpg\" alt=\"\" class=\"wp-image-214\" width=\"580\" height=\"326\" srcset=\"https:\/\/duemmerbrise.stuehrenberg.com\/wp-content\/uploads\/2020\/06\/20190922_132846-50proz.jpg 640w, https:\/\/duemmerbrise.stuehrenberg.com\/wp-content\/uploads\/2020\/06\/20190922_132846-50proz-300x169.jpg 300w\" sizes=\"(max-width: 580px) 100vw, 580px\" \/><figcaption><em><span class=\"has-inline-color has-vivid-cyan-blue-color\">Das Haus befindet sich am Rand der Anlage Marissa-Ferienpark, also in unmittelbarer N\u00e4he zu Seesauna, BeachMar, (Whirlpool, Hallen- und Freibad, Kids-Bereich, Restaurants, Einkaufsl\u00e4den etc. werden Geb\u00e4ude f\u00fcr Geb\u00e4ude bis Ende 2021 fertiggestellt). Trotz dieser N\u00e4he zu den Attraktionen der kommenden Jahre liegt das Geb\u00e4ude in der Naturlandschaft des D\u00fcmmers,  <\/span><\/em><\/figcaption><\/figure>\n","protected":false},"excerpt":{"rendered":"","protected":false},"author":1,"featured_media":0,"parent":0,"menu_order":0,"comment_status":"closed","ping_status":"closed","template":"","meta":[],"_links":{"self":[{"href":"https:\/\/duemmerbrise.stuehrenberg.com\/index.php?rest_route=\/wp\/v2\/pages\/186"}],"collection":[{"href":"https:\/\/duemmerbrise.stuehrenberg.com\/index.php?rest_route=\/wp\/v2\/pages"}],"about":[{"href":"https:\/\/duemmerbrise.stuehrenberg.com\/index.php?rest_route=\/wp\/v2\/types\/page"}],"author":[{"embeddable":true,"href":"https:\/\/duemmerbrise.stuehrenberg.com\/index.php?rest_route=\/wp\/v2\/users\/1"}],"replies":[{"embeddable":true,"href":"https:\/\/duemmerbrise.stuehrenberg.com\/index.php?rest_route=%2Fwp%2Fv2%2Fcomments&post=186"}],"version-history":[{"count":10,"href":"https:\/\/duemmerbrise.stuehrenberg.com\/index.php?rest_route=\/wp\/v2\/pages\/186\/revisions"}],"predecessor-version":[{"id":328,"href":"https:\/\/duemmerbrise.stuehrenberg.com\/index.php?rest_route=\/wp\/v2\/pages\/186\/revisions\/328"}],"wp:attachment":[{"href":"https:\/\/duemmerbrise.stuehrenberg.com\/index.php?rest_route=%2Fwp%2Fv2%2Fmedia&parent=186"}],"curies":[{"name":"wp","href":"https:\/\/api.w.org\/{rel}","templated":true}]}}