{"id":24,"date":"2020-06-15T11:52:16","date_gmt":"2020-06-15T11:52:16","guid":{"rendered":"http:\/\/duemmerbrise.stuehrenberg.com\/?page_id=24"},"modified":"2021-06-03T14:38:52","modified_gmt":"2021-06-03T14:38:52","slug":"qualitaet-und-behaglichkeit","status":"publish","type":"page","link":"https:\/\/duemmerbrise.stuehrenberg.com\/?page_id=24","title":{"rendered":"Behaglichkeit in klassischem Ambiente"},"content":{"rendered":"\n<p><span class=\"has-inline-color has-vivid-cyan-blue-color\"><em>Die Innenr\u00e4ume des Hauses<\/em><\/span><\/p>\n\n\n\n<figure class=\"wp-block-gallery columns-3 is-cropped\"><ul class=\"blocks-gallery-grid\"><li class=\"blocks-gallery-item\"><figure><a href=\"http:\/\/duemmerbrise.stuehrenberg.com\/wp-content\/uploads\/2020\/06\/20200530_160941-50proz.jpg\"><img loading=\"lazy\" width=\"2016\" height=\"1512\" src=\"http:\/\/duemmerbrise.stuehrenberg.com\/wp-content\/uploads\/2020\/06\/20200530_160941-50proz.jpg\" alt=\"\" data-id=\"50\" data-full-url=\"http:\/\/duemmerbrise.stuehrenberg.com\/wp-content\/uploads\/2020\/06\/20200530_160941-50proz.jpg\" data-link=\"http:\/\/duemmerbrise.stuehrenberg.com\/?attachment_id=50\" class=\"wp-image-50\" srcset=\"https:\/\/duemmerbrise.stuehrenberg.com\/wp-content\/uploads\/2020\/06\/20200530_160941-50proz.jpg 2016w, https:\/\/duemmerbrise.stuehrenberg.com\/wp-content\/uploads\/2020\/06\/20200530_160941-50proz-300x225.jpg 300w, https:\/\/duemmerbrise.stuehrenberg.com\/wp-content\/uploads\/2020\/06\/20200530_160941-50proz-1024x768.jpg 1024w, https:\/\/duemmerbrise.stuehrenberg.com\/wp-content\/uploads\/2020\/06\/20200530_160941-50proz-768x576.jpg 768w, https:\/\/duemmerbrise.stuehrenberg.com\/wp-content\/uploads\/2020\/06\/20200530_160941-50proz-1536x1152.jpg 1536w\" sizes=\"(max-width: 2016px) 100vw, 2016px\" \/><\/a><figcaption class=\"blocks-gallery-item__caption\"><em><span class=\"has-inline-color has-vivid-cyan-blue-color\">Der Gang zum Wintergarten<\/span><\/em><\/figcaption><\/figure><\/li><li class=\"blocks-gallery-item\"><figure><a href=\"http:\/\/duemmerbrise.stuehrenberg.com\/wp-content\/uploads\/2020\/06\/20200530_160927-50proz.jpg\"><img loading=\"lazy\" width=\"1512\" height=\"2016\" src=\"http:\/\/duemmerbrise.stuehrenberg.com\/wp-content\/uploads\/2020\/06\/20200530_160927-50proz.jpg\" alt=\"\" data-id=\"52\" data-full-url=\"http:\/\/duemmerbrise.stuehrenberg.com\/wp-content\/uploads\/2020\/06\/20200530_160927-50proz.jpg\" data-link=\"http:\/\/duemmerbrise.stuehrenberg.com\/?attachment_id=52\" class=\"wp-image-52\" srcset=\"https:\/\/duemmerbrise.stuehrenberg.com\/wp-content\/uploads\/2020\/06\/20200530_160927-50proz.jpg 1512w, https:\/\/duemmerbrise.stuehrenberg.com\/wp-content\/uploads\/2020\/06\/20200530_160927-50proz-225x300.jpg 225w, https:\/\/duemmerbrise.stuehrenberg.com\/wp-content\/uploads\/2020\/06\/20200530_160927-50proz-768x1024.jpg 768w, https:\/\/duemmerbrise.stuehrenberg.com\/wp-content\/uploads\/2020\/06\/20200530_160927-50proz-1152x1536.jpg 1152w\" sizes=\"(max-width: 1512px) 100vw, 1512px\" \/><\/a><figcaption class=\"blocks-gallery-item__caption\"><em><span class=\"has-inline-color has-vivid-cyan-blue-color\">Der Aufgang zu den Schlafr\u00e4umen<\/span><\/em><\/figcaption><\/figure><\/li><li class=\"blocks-gallery-item\"><figure><a href=\"http:\/\/duemmerbrise.stuehrenberg.com\/wp-content\/uploads\/2020\/06\/50proz.jpg\"><img loading=\"lazy\" width=\"1080\" height=\"1080\" src=\"http:\/\/duemmerbrise.stuehrenberg.com\/wp-content\/uploads\/2020\/06\/50proz.jpg\" alt=\"\" data-id=\"316\" data-full-url=\"http:\/\/duemmerbrise.stuehrenberg.com\/wp-content\/uploads\/2020\/06\/50proz.jpg\" data-link=\"http:\/\/duemmerbrise.stuehrenberg.com\/?attachment_id=316\" class=\"wp-image-316\" srcset=\"https:\/\/duemmerbrise.stuehrenberg.com\/wp-content\/uploads\/2020\/06\/50proz.jpg 1080w, https:\/\/duemmerbrise.stuehrenberg.com\/wp-content\/uploads\/2020\/06\/50proz-300x300.jpg 300w, https:\/\/duemmerbrise.stuehrenberg.com\/wp-content\/uploads\/2020\/06\/50proz-1024x1024.jpg 1024w, https:\/\/duemmerbrise.stuehrenberg.com\/wp-content\/uploads\/2020\/06\/50proz-150x150.jpg 150w, https:\/\/duemmerbrise.stuehrenberg.com\/wp-content\/uploads\/2020\/06\/50proz-768x768.jpg 768w\" sizes=\"(max-width: 1080px) 100vw, 1080px\" \/><\/a><figcaption class=\"blocks-gallery-item__caption\"><em><span class=\"has-inline-color has-vivid-cyan-blue-color\">Der Wintergarten, Blick zur Terrasse<\/span><\/em><\/figcaption><\/figure><\/li><li class=\"blocks-gallery-item\"><figure><a href=\"http:\/\/duemmerbrise.stuehrenberg.com\/wp-content\/uploads\/2020\/06\/20200530_160917-kl.jpg\"><img loading=\"lazy\" width=\"2016\" height=\"1512\" src=\"http:\/\/duemmerbrise.stuehrenberg.com\/wp-content\/uploads\/2020\/06\/20200530_160917-kl.jpg\" alt=\"\" data-id=\"47\" data-full-url=\"http:\/\/duemmerbrise.stuehrenberg.com\/wp-content\/uploads\/2020\/06\/20200530_160917-kl.jpg\" data-link=\"http:\/\/duemmerbrise.stuehrenberg.com\/?attachment_id=47\" class=\"wp-image-47\" srcset=\"https:\/\/duemmerbrise.stuehrenberg.com\/wp-content\/uploads\/2020\/06\/20200530_160917-kl.jpg 2016w, https:\/\/duemmerbrise.stuehrenberg.com\/wp-content\/uploads\/2020\/06\/20200530_160917-kl-300x225.jpg 300w, https:\/\/duemmerbrise.stuehrenberg.com\/wp-content\/uploads\/2020\/06\/20200530_160917-kl-1024x768.jpg 1024w, https:\/\/duemmerbrise.stuehrenberg.com\/wp-content\/uploads\/2020\/06\/20200530_160917-kl-768x576.jpg 768w, https:\/\/duemmerbrise.stuehrenberg.com\/wp-content\/uploads\/2020\/06\/20200530_160917-kl-1536x1152.jpg 1536w\" sizes=\"(max-width: 2016px) 100vw, 2016px\" \/><\/a><figcaption class=\"blocks-gallery-item__caption\"><em><span class=\"has-inline-color has-vivid-cyan-blue-color\">Der Wohnraum mit gro\u00dfem Tisch<\/span><\/em><\/figcaption><\/figure><\/li><\/ul><figcaption class=\"blocks-gallery-caption\"><em><span class=\"has-inline-color has-vivid-cyan-blue-color\">Leben im Einklang mit Zeit und Raum<\/span><\/em><\/figcaption><\/figure>\n\n\n\n<div class=\"wp-block-group\"><div class=\"wp-block-group__inner-container\">\n<p><\/p>\n\n\n\n<figure class=\"wp-block-gallery columns-3 is-cropped\"><ul class=\"blocks-gallery-grid\"><li class=\"blocks-gallery-item\"><figure><a href=\"http:\/\/duemmerbrise.stuehrenberg.com\/wp-content\/uploads\/2020\/06\/20200530_161024-50proz-1024x768.jpg\"><img loading=\"lazy\" width=\"1024\" height=\"768\" src=\"http:\/\/duemmerbrise.stuehrenberg.com\/wp-content\/uploads\/2020\/06\/20200530_161024-50proz-1024x768.jpg\" alt=\"\" data-id=\"55\" data-link=\"http:\/\/duemmerbrise.stuehrenberg.com\/?attachment_id=55\" class=\"wp-image-55\" srcset=\"https:\/\/duemmerbrise.stuehrenberg.com\/wp-content\/uploads\/2020\/06\/20200530_161024-50proz-1024x768.jpg 1024w, https:\/\/duemmerbrise.stuehrenberg.com\/wp-content\/uploads\/2020\/06\/20200530_161024-50proz-300x225.jpg 300w, https:\/\/duemmerbrise.stuehrenberg.com\/wp-content\/uploads\/2020\/06\/20200530_161024-50proz-768x576.jpg 768w, https:\/\/duemmerbrise.stuehrenberg.com\/wp-content\/uploads\/2020\/06\/20200530_161024-50proz-1536x1152.jpg 1536w, https:\/\/duemmerbrise.stuehrenberg.com\/wp-content\/uploads\/2020\/06\/20200530_161024-50proz.jpg 2016w\" sizes=\"(max-width: 1024px) 100vw, 1024px\" \/><\/a><figcaption class=\"blocks-gallery-item__caption\"><em><span class=\"has-inline-color has-vivid-cyan-blue-color\">Dies ist der Blick zur Flurt\u00fcr<\/span><\/em><br><\/figcaption><\/figure><\/li><li class=\"blocks-gallery-item\"><figure><a href=\"http:\/\/duemmerbrise.stuehrenberg.com\/wp-content\/uploads\/2020\/06\/20200620_133639-50proz-1024x1024.jpg\"><img loading=\"lazy\" width=\"1024\" height=\"1024\" src=\"http:\/\/duemmerbrise.stuehrenberg.com\/wp-content\/uploads\/2020\/06\/20200620_133639-50proz-1024x1024.jpg\" alt=\"\" data-id=\"313\" data-link=\"http:\/\/duemmerbrise.stuehrenberg.com\/?attachment_id=313\" class=\"wp-image-313\" srcset=\"https:\/\/duemmerbrise.stuehrenberg.com\/wp-content\/uploads\/2020\/06\/20200620_133639-50proz-1024x1024.jpg 1024w, https:\/\/duemmerbrise.stuehrenberg.com\/wp-content\/uploads\/2020\/06\/20200620_133639-50proz-300x300.jpg 300w, https:\/\/duemmerbrise.stuehrenberg.com\/wp-content\/uploads\/2020\/06\/20200620_133639-50proz-150x150.jpg 150w, https:\/\/duemmerbrise.stuehrenberg.com\/wp-content\/uploads\/2020\/06\/20200620_133639-50proz-768x768.jpg 768w, https:\/\/duemmerbrise.stuehrenberg.com\/wp-content\/uploads\/2020\/06\/20200620_133639-50proz.jpg 1080w\" sizes=\"(max-width: 1024px) 100vw, 1024px\" \/><\/a><figcaption class=\"blocks-gallery-item__caption\"><span class=\"has-inline-color has-vivid-cyan-blue-color\"><em>Der Vorratsraum ist nat\u00fcrlich leer bei Ihrer Ankunft :-), man kann dort f\u00fcr einige Wochen Lebensmittel und andere Utensilien unterbringen<\/em><\/span><br><span class=\"has-inline-color has-vivid-cyan-blue-color\"><\/span><\/figcaption><\/figure><\/li><li class=\"blocks-gallery-item\"><figure><a href=\"http:\/\/duemmerbrise.stuehrenberg.com\/wp-content\/uploads\/2020\/06\/20200601_181043-50proz-768x1024.jpg\"><img loading=\"lazy\" width=\"768\" height=\"1024\" src=\"http:\/\/duemmerbrise.stuehrenberg.com\/wp-content\/uploads\/2020\/06\/20200601_181043-50proz-768x1024.jpg\" alt=\"\" data-id=\"244\" data-link=\"http:\/\/duemmerbrise.stuehrenberg.com\/?attachment_id=244\" class=\"wp-image-244\" srcset=\"https:\/\/duemmerbrise.stuehrenberg.com\/wp-content\/uploads\/2020\/06\/20200601_181043-50proz-768x1024.jpg 768w, https:\/\/duemmerbrise.stuehrenberg.com\/wp-content\/uploads\/2020\/06\/20200601_181043-50proz-225x300.jpg 225w, https:\/\/duemmerbrise.stuehrenberg.com\/wp-content\/uploads\/2020\/06\/20200601_181043-50proz-1152x1536.jpg 1152w, https:\/\/duemmerbrise.stuehrenberg.com\/wp-content\/uploads\/2020\/06\/20200601_181043-50proz.jpg 1512w\" sizes=\"(max-width: 768px) 100vw, 768px\" \/><\/a><figcaption class=\"blocks-gallery-item__caption\"><span class=\"has-inline-color has-vivid-cyan-blue-color\">Der Flur f\u00fchrt von der Eingangst\u00fcr bis zur K\u00fcche, links ist die T\u00fcr zum Bad<\/span><\/figcaption><\/figure><\/li><li class=\"blocks-gallery-item\"><figure><a href=\"http:\/\/duemmerbrise.stuehrenberg.com\/wp-content\/uploads\/2020\/06\/20200530_161013-50proz-1024x768.jpg\"><img loading=\"lazy\" width=\"1024\" height=\"768\" src=\"http:\/\/duemmerbrise.stuehrenberg.com\/wp-content\/uploads\/2020\/06\/20200530_161013-50proz-1024x768.jpg\" alt=\"\" data-id=\"54\" data-link=\"http:\/\/duemmerbrise.stuehrenberg.com\/?attachment_id=54\" class=\"wp-image-54\" srcset=\"https:\/\/duemmerbrise.stuehrenberg.com\/wp-content\/uploads\/2020\/06\/20200530_161013-50proz-1024x768.jpg 1024w, https:\/\/duemmerbrise.stuehrenberg.com\/wp-content\/uploads\/2020\/06\/20200530_161013-50proz-300x225.jpg 300w, https:\/\/duemmerbrise.stuehrenberg.com\/wp-content\/uploads\/2020\/06\/20200530_161013-50proz-768x576.jpg 768w, https:\/\/duemmerbrise.stuehrenberg.com\/wp-content\/uploads\/2020\/06\/20200530_161013-50proz-1536x1152.jpg 1536w, https:\/\/duemmerbrise.stuehrenberg.com\/wp-content\/uploads\/2020\/06\/20200530_161013-50proz.jpg 2016w\" sizes=\"(max-width: 1024px) 100vw, 1024px\" \/><\/a><figcaption class=\"blocks-gallery-item__caption\"><em><span class=\"has-inline-color has-vivid-cyan-blue-color\">Die K\u00fcche hat nun auch eine Sp\u00fclmaschine, die Ausstattung wie in einem Ganzjahreshaus<\/span><\/em><\/figcaption><\/figure><\/li><li class=\"blocks-gallery-item\"><figure><a href=\"http:\/\/duemmerbrise.stuehrenberg.com\/wp-content\/uploads\/2020\/06\/20200620_134237-50proz-1024x1024.jpg\"><img loading=\"lazy\" width=\"1024\" height=\"1024\" src=\"http:\/\/duemmerbrise.stuehrenberg.com\/wp-content\/uploads\/2020\/06\/20200620_134237-50proz-1024x1024.jpg\" alt=\"\" data-id=\"315\" data-link=\"http:\/\/duemmerbrise.stuehrenberg.com\/?attachment_id=315\" class=\"wp-image-315\" srcset=\"https:\/\/duemmerbrise.stuehrenberg.com\/wp-content\/uploads\/2020\/06\/20200620_134237-50proz-1024x1024.jpg 1024w, https:\/\/duemmerbrise.stuehrenberg.com\/wp-content\/uploads\/2020\/06\/20200620_134237-50proz-300x300.jpg 300w, https:\/\/duemmerbrise.stuehrenberg.com\/wp-content\/uploads\/2020\/06\/20200620_134237-50proz-150x150.jpg 150w, https:\/\/duemmerbrise.stuehrenberg.com\/wp-content\/uploads\/2020\/06\/20200620_134237-50proz-768x768.jpg 768w, https:\/\/duemmerbrise.stuehrenberg.com\/wp-content\/uploads\/2020\/06\/20200620_134237-50proz.jpg 1080w\" sizes=\"(max-width: 1024px) 100vw, 1024px\" \/><\/a><figcaption class=\"blocks-gallery-item__caption\"><em><span class=\"has-inline-color has-vivid-cyan-blue-color\">Der Wintergarten als Multifunktionsraum (Basteln, Regen beschauen, fr\u00fchst\u00fccken&#8230;)<\/span><\/em><\/figcaption><\/figure><\/li><li class=\"blocks-gallery-item\"><figure><a href=\"http:\/\/duemmerbrise.stuehrenberg.com\/wp-content\/uploads\/2020\/06\/20200620_134133-50proz-1-1024x1024.jpg\"><img loading=\"lazy\" width=\"1024\" height=\"1024\" src=\"http:\/\/duemmerbrise.stuehrenberg.com\/wp-content\/uploads\/2020\/06\/20200620_134133-50proz-1-1024x1024.jpg\" alt=\"\" data-id=\"322\" data-link=\"http:\/\/duemmerbrise.stuehrenberg.com\/?attachment_id=322\" class=\"wp-image-322\" srcset=\"https:\/\/duemmerbrise.stuehrenberg.com\/wp-content\/uploads\/2020\/06\/20200620_134133-50proz-1-1024x1024.jpg 1024w, https:\/\/duemmerbrise.stuehrenberg.com\/wp-content\/uploads\/2020\/06\/20200620_134133-50proz-1-300x300.jpg 300w, https:\/\/duemmerbrise.stuehrenberg.com\/wp-content\/uploads\/2020\/06\/20200620_134133-50proz-1-150x150.jpg 150w, https:\/\/duemmerbrise.stuehrenberg.com\/wp-content\/uploads\/2020\/06\/20200620_134133-50proz-1-768x768.jpg 768w, https:\/\/duemmerbrise.stuehrenberg.com\/wp-content\/uploads\/2020\/06\/20200620_134133-50proz-1.jpg 1080w\" sizes=\"(max-width: 1024px) 100vw, 1024px\" \/><\/a><figcaption class=\"blocks-gallery-item__caption\"><em><span class=\"has-inline-color has-vivid-cyan-blue-color\">Der Infostand gibt Ihnen einen Einblick in die aktuellen Attraktionen und Angebote vor Ort. Gern k\u00f6nnen SIe f\u00fcr die Folgeg\u00e4ste weitere Flyer hinzuf\u00fcgen.<\/span><\/em><br><\/figcaption><\/figure><\/li><li class=\"blocks-gallery-item\"><figure><a href=\"http:\/\/duemmerbrise.stuehrenberg.com\/wp-content\/uploads\/2020\/06\/20200620_133443-rotated.jpg\"><img loading=\"lazy\" width=\"1024\" height=\"1024\" src=\"http:\/\/duemmerbrise.stuehrenberg.com\/wp-content\/uploads\/2020\/06\/20200620_133443-1024x1024.jpg\" alt=\"\" data-id=\"323\" data-full-url=\"http:\/\/duemmerbrise.stuehrenberg.com\/wp-content\/uploads\/2020\/06\/20200620_133443-rotated.jpg\" data-link=\"http:\/\/duemmerbrise.stuehrenberg.com\/?attachment_id=323\" class=\"wp-image-323\" srcset=\"https:\/\/duemmerbrise.stuehrenberg.com\/wp-content\/uploads\/2020\/06\/20200620_133443-1024x1024.jpg 1024w, https:\/\/duemmerbrise.stuehrenberg.com\/wp-content\/uploads\/2020\/06\/20200620_133443-300x300.jpg 300w, https:\/\/duemmerbrise.stuehrenberg.com\/wp-content\/uploads\/2020\/06\/20200620_133443-150x150.jpg 150w, https:\/\/duemmerbrise.stuehrenberg.com\/wp-content\/uploads\/2020\/06\/20200620_133443-768x768.jpg 768w, https:\/\/duemmerbrise.stuehrenberg.com\/wp-content\/uploads\/2020\/06\/20200620_133443-1536x1536.jpg 1536w, https:\/\/duemmerbrise.stuehrenberg.com\/wp-content\/uploads\/2020\/06\/20200620_133443-2048x2048.jpg 2048w\" sizes=\"(max-width: 1024px) 100vw, 1024px\" \/><\/a><figcaption class=\"blocks-gallery-item__caption\"><span class=\"has-inline-color has-vivid-cyan-blue-color\"><em>Das Hauptbad ist im Erdgeschoss neben dem Eingang<\/em><\/span><\/figcaption><\/figure><\/li><li class=\"blocks-gallery-item\"><figure><a href=\"http:\/\/duemmerbrise.stuehrenberg.com\/wp-content\/uploads\/2020\/06\/20200620_133233-rotated.jpg\"><img loading=\"lazy\" width=\"1024\" height=\"1024\" src=\"http:\/\/duemmerbrise.stuehrenberg.com\/wp-content\/uploads\/2020\/06\/20200620_133233-1024x1024.jpg\" alt=\"\" data-id=\"324\" data-full-url=\"http:\/\/duemmerbrise.stuehrenberg.com\/wp-content\/uploads\/2020\/06\/20200620_133233-rotated.jpg\" data-link=\"http:\/\/duemmerbrise.stuehrenberg.com\/?attachment_id=324\" class=\"wp-image-324\" srcset=\"https:\/\/duemmerbrise.stuehrenberg.com\/wp-content\/uploads\/2020\/06\/20200620_133233-1024x1024.jpg 1024w, https:\/\/duemmerbrise.stuehrenberg.com\/wp-content\/uploads\/2020\/06\/20200620_133233-300x300.jpg 300w, https:\/\/duemmerbrise.stuehrenberg.com\/wp-content\/uploads\/2020\/06\/20200620_133233-150x150.jpg 150w, https:\/\/duemmerbrise.stuehrenberg.com\/wp-content\/uploads\/2020\/06\/20200620_133233-768x768.jpg 768w, https:\/\/duemmerbrise.stuehrenberg.com\/wp-content\/uploads\/2020\/06\/20200620_133233-1536x1536.jpg 1536w, https:\/\/duemmerbrise.stuehrenberg.com\/wp-content\/uploads\/2020\/06\/20200620_133233-2048x2048.jpg 2048w\" sizes=\"(max-width: 1024px) 100vw, 1024px\" \/><\/a><figcaption class=\"blocks-gallery-item__caption\"><em><span class=\"has-inline-color has-vivid-cyan-blue-color\">Das Hauptbad ist mit Badewanne ausgestattet, das Duschen ist aber dank Vorhang genauso bequem m\u00f6glich<\/span><\/em><\/figcaption><\/figure><\/li><\/ul><figcaption class=\"blocks-gallery-caption\"><em><span class=\"has-inline-color has-vivid-cyan-blue-color\">Wo  die Liebe durch den Magen geht<\/span><\/em><\/figcaption><\/figure>\n<\/div><\/div>\n\n\n\n<div class=\"wp-block-group\"><div class=\"wp-block-group__inner-container\">\n<figure class=\"wp-block-gallery columns-3 is-cropped\"><ul class=\"blocks-gallery-grid\"><li class=\"blocks-gallery-item\"><figure><img loading=\"lazy\" width=\"1024\" height=\"768\" src=\"http:\/\/duemmerbrise.stuehrenberg.com\/wp-content\/uploads\/2020\/06\/20200530_161315-50proz-1024x768.jpg\" alt=\"\" data-id=\"95\" data-full-url=\"http:\/\/duemmerbrise.stuehrenberg.com\/wp-content\/uploads\/2020\/06\/20200530_161315-50proz.jpg\" data-link=\"http:\/\/duemmerbrise.stuehrenberg.com\/?attachment_id=95\" class=\"wp-image-95\" srcset=\"https:\/\/duemmerbrise.stuehrenberg.com\/wp-content\/uploads\/2020\/06\/20200530_161315-50proz-1024x768.jpg 1024w, https:\/\/duemmerbrise.stuehrenberg.com\/wp-content\/uploads\/2020\/06\/20200530_161315-50proz-300x225.jpg 300w, https:\/\/duemmerbrise.stuehrenberg.com\/wp-content\/uploads\/2020\/06\/20200530_161315-50proz-768x576.jpg 768w, https:\/\/duemmerbrise.stuehrenberg.com\/wp-content\/uploads\/2020\/06\/20200530_161315-50proz-1536x1152.jpg 1536w, https:\/\/duemmerbrise.stuehrenberg.com\/wp-content\/uploads\/2020\/06\/20200530_161315-50proz.jpg 2016w\" sizes=\"(max-width: 1024px) 100vw, 1024px\" \/><figcaption class=\"blocks-gallery-item__caption\"><em><span class=\"has-inline-color has-vivid-cyan-blue-color\">&#8230;hier schlafen die Eltern<\/span><\/em><\/figcaption><\/figure><\/li><li class=\"blocks-gallery-item\"><figure><img loading=\"lazy\" width=\"1024\" height=\"768\" src=\"http:\/\/duemmerbrise.stuehrenberg.com\/wp-content\/uploads\/2020\/06\/20200530_161243-50proz-1024x768.jpg\" alt=\"\" data-id=\"93\" data-full-url=\"http:\/\/duemmerbrise.stuehrenberg.com\/wp-content\/uploads\/2020\/06\/20200530_161243-50proz.jpg\" data-link=\"http:\/\/duemmerbrise.stuehrenberg.com\/?attachment_id=93\" class=\"wp-image-93\" srcset=\"https:\/\/duemmerbrise.stuehrenberg.com\/wp-content\/uploads\/2020\/06\/20200530_161243-50proz-1024x768.jpg 1024w, https:\/\/duemmerbrise.stuehrenberg.com\/wp-content\/uploads\/2020\/06\/20200530_161243-50proz-300x225.jpg 300w, https:\/\/duemmerbrise.stuehrenberg.com\/wp-content\/uploads\/2020\/06\/20200530_161243-50proz-768x576.jpg 768w, https:\/\/duemmerbrise.stuehrenberg.com\/wp-content\/uploads\/2020\/06\/20200530_161243-50proz-1536x1152.jpg 1536w, https:\/\/duemmerbrise.stuehrenberg.com\/wp-content\/uploads\/2020\/06\/20200530_161243-50proz.jpg 2016w\" sizes=\"(max-width: 1024px) 100vw, 1024px\" \/><figcaption class=\"blocks-gallery-item__caption\"><em><span class=\"has-inline-color has-vivid-cyan-blue-color\">..und treiben Sport, wenn es mal regnet<\/span><\/em><\/figcaption><\/figure><\/li><li class=\"blocks-gallery-item\"><figure><img loading=\"lazy\" width=\"768\" height=\"1024\" src=\"http:\/\/duemmerbrise.stuehrenberg.com\/wp-content\/uploads\/2020\/06\/20200530_161330-50proz-768x1024.jpg\" alt=\"\" data-id=\"96\" data-full-url=\"http:\/\/duemmerbrise.stuehrenberg.com\/wp-content\/uploads\/2020\/06\/20200530_161330-50proz.jpg\" data-link=\"http:\/\/duemmerbrise.stuehrenberg.com\/?attachment_id=96\" class=\"wp-image-96\" srcset=\"https:\/\/duemmerbrise.stuehrenberg.com\/wp-content\/uploads\/2020\/06\/20200530_161330-50proz-768x1024.jpg 768w, https:\/\/duemmerbrise.stuehrenberg.com\/wp-content\/uploads\/2020\/06\/20200530_161330-50proz-225x300.jpg 225w, https:\/\/duemmerbrise.stuehrenberg.com\/wp-content\/uploads\/2020\/06\/20200530_161330-50proz-1152x1536.jpg 1152w, https:\/\/duemmerbrise.stuehrenberg.com\/wp-content\/uploads\/2020\/06\/20200530_161330-50proz.jpg 1512w\" sizes=\"(max-width: 768px) 100vw, 768px\" \/><figcaption class=\"blocks-gallery-item__caption\"><em><span class=\"has-inline-color has-vivid-cyan-blue-color\">&#8230;morgens nach dem Aufstehen<\/span><\/em><\/figcaption><\/figure><\/li><\/ul><figcaption class=\"blocks-gallery-caption\"><em><span class=\"has-inline-color has-vivid-cyan-blue-color\">in Daunen n\u00e4chtigen:<\/span><\/em> Das Elternschlafzimmer und das kleine Bad<\/figcaption><\/figure>\n<\/div><\/div>\n\n\n\n<div class=\"wp-block-group\"><div class=\"wp-block-group__inner-container\">\n<figure class=\"wp-block-gallery columns-2 is-cropped\"><ul class=\"blocks-gallery-grid\"><li class=\"blocks-gallery-item\"><figure><img loading=\"lazy\" width=\"1024\" height=\"768\" src=\"http:\/\/duemmerbrise.stuehrenberg.com\/wp-content\/uploads\/2020\/06\/20200601_165435-50proz-1024x768.jpg\" alt=\"\" data-id=\"205\" data-full-url=\"http:\/\/duemmerbrise.stuehrenberg.com\/wp-content\/uploads\/2020\/06\/20200601_165435-50proz.jpg\" data-link=\"http:\/\/duemmerbrise.stuehrenberg.com\/?attachment_id=205\" class=\"wp-image-205\" srcset=\"https:\/\/duemmerbrise.stuehrenberg.com\/wp-content\/uploads\/2020\/06\/20200601_165435-50proz-1024x768.jpg 1024w, https:\/\/duemmerbrise.stuehrenberg.com\/wp-content\/uploads\/2020\/06\/20200601_165435-50proz-300x225.jpg 300w, https:\/\/duemmerbrise.stuehrenberg.com\/wp-content\/uploads\/2020\/06\/20200601_165435-50proz-768x576.jpg 768w, https:\/\/duemmerbrise.stuehrenberg.com\/wp-content\/uploads\/2020\/06\/20200601_165435-50proz-1536x1152.jpg 1536w, https:\/\/duemmerbrise.stuehrenberg.com\/wp-content\/uploads\/2020\/06\/20200601_165435-50proz.jpg 2016w\" sizes=\"(max-width: 1024px) 100vw, 1024px\" \/><figcaption class=\"blocks-gallery-item__caption\"><em><span class=\"has-inline-color has-vivid-cyan-blue-color\">&#8230;Kinder getrennt und doch zusammen<\/span><\/em><\/figcaption><\/figure><\/li><li class=\"blocks-gallery-item\"><figure><img loading=\"lazy\" width=\"1024\" height=\"1024\" src=\"http:\/\/duemmerbrise.stuehrenberg.com\/wp-content\/uploads\/2020\/06\/20200620_154550-50proz-1024x1024.jpg\" alt=\"\" data-id=\"311\" data-full-url=\"http:\/\/duemmerbrise.stuehrenberg.com\/wp-content\/uploads\/2020\/06\/20200620_154550-50proz.jpg\" data-link=\"http:\/\/duemmerbrise.stuehrenberg.com\/?attachment_id=311\" class=\"wp-image-311\" srcset=\"https:\/\/duemmerbrise.stuehrenberg.com\/wp-content\/uploads\/2020\/06\/20200620_154550-50proz-1024x1024.jpg 1024w, https:\/\/duemmerbrise.stuehrenberg.com\/wp-content\/uploads\/2020\/06\/20200620_154550-50proz-300x300.jpg 300w, https:\/\/duemmerbrise.stuehrenberg.com\/wp-content\/uploads\/2020\/06\/20200620_154550-50proz-150x150.jpg 150w, https:\/\/duemmerbrise.stuehrenberg.com\/wp-content\/uploads\/2020\/06\/20200620_154550-50proz-768x768.jpg 768w, https:\/\/duemmerbrise.stuehrenberg.com\/wp-content\/uploads\/2020\/06\/20200620_154550-50proz.jpg 1080w\" sizes=\"(max-width: 1024px) 100vw, 1024px\" \/><figcaption class=\"blocks-gallery-item__caption\"><em><span class=\"has-inline-color has-vivid-cyan-blue-color\">&#8230;ach ja, Smart-TV (Dein Netflix ?), kl. Tisch zum Malen.. ist auch im Raum und das TV kann auch zum Bett gedreht werden&#8230;Kindertr\u00e4ume ? &#8230;ErwachsenenBedenken ?<\/span><\/em><\/figcaption><\/figure><\/li><\/ul><figcaption class=\"blocks-gallery-caption\"><em><span class=\"has-inline-color has-vivid-cyan-blue-color\">alternative Nutzungsm\u00f6glichkeiten: <\/span><\/em>Kinderzimmer oder G\u00e4stezimmer<\/figcaption><\/figure>\n<\/div><\/div>\n\n\n\n<p>Im Hause werden folgende Ger\u00e4te und Leistungen zur Verf\u00fcgung gestellt:<br>&#8211; SAT-TV\/LCD<br>-WLAN mit Internet (die Bandbreite ist technisch bedingt am Standort gering)<br>&#8211; K\u00fcche mit Mikrowelle\/Kaffeekocher\/WW-Kocher\/Gefrierscharnk\/K\u00fchlschrank\/Toaster\/Herdplatten\/Backofen<br>&#8211; Ladestation mit einigen Ladekabeln f\u00fcr Smatphones\/Tasblets etc.<br><\/p>\n","protected":false},"excerpt":{"rendered":"<p>Die Innenr\u00e4ume des Hauses Im Hause werden folgende Ger\u00e4te und Leistungen zur Verf\u00fcgung gestellt:&#8211; SAT-TV\/LCD-WLAN mit Internet (die Bandbreite ist technisch bedingt am Standort gering)&#8211; K\u00fcche mit Mikrowelle\/Kaffeekocher\/WW-Kocher\/Gefrierscharnk\/K\u00fchlschrank\/Toaster\/Herdplatten\/Backofen&#8211; Ladestation mit einigen Ladekabeln f\u00fcr Smatphones\/Tasblets etc.<\/p>\n","protected":false},"author":1,"featured_media":0,"parent":0,"menu_order":0,"comment_status":"closed","ping_status":"closed","template":"","meta":[],"_links":{"self":[{"href":"https:\/\/duemmerbrise.stuehrenberg.com\/index.php?rest_route=\/wp\/v2\/pages\/24"}],"collection":[{"href":"https:\/\/duemmerbrise.stuehrenberg.com\/index.php?rest_route=\/wp\/v2\/pages"}],"about":[{"href":"https:\/\/duemmerbrise.stuehrenberg.com\/index.php?rest_route=\/wp\/v2\/types\/page"}],"author":[{"embeddable":true,"href":"https:\/\/duemmerbrise.stuehrenberg.com\/index.php?rest_route=\/wp\/v2\/users\/1"}],"replies":[{"embeddable":true,"href":"https:\/\/duemmerbrise.stuehrenberg.com\/index.php?rest_route=%2Fwp%2Fv2%2Fcomments&post=24"}],"version-history":[{"count":29,"href":"https:\/\/duemmerbrise.stuehrenberg.com\/index.php?rest_route=\/wp\/v2\/pages\/24\/revisions"}],"predecessor-version":[{"id":336,"href":"https:\/\/duemmerbrise.stuehrenberg.com\/index.php?rest_route=\/wp\/v2\/pages\/24\/revisions\/336"}],"wp:attachment":[{"href":"https:\/\/duemmerbrise.stuehrenberg.com\/index.php?rest_route=%2Fwp%2Fv2%2Fmedia&parent=24"}],"curies":[{"name":"wp","href":"https:\/\/api.w.org\/{rel}","templated":true}]}}